{"id":2539,"date":"2016-06-14T12:19:09","date_gmt":"2016-06-14T12:19:09","guid":{"rendered":"http:\/\/seasplash-festival.com\/?page_id=2539"},"modified":"2016-06-14T12:22:53","modified_gmt":"2016-06-14T12:22:53","slug":"o-summer-klubu","status":"publish","type":"page","link":"https:\/\/seasplash-festival.com\/en\/o-summer-klubu\/","title":{"rendered":"Seasplash Summer club"},"content":{"rendered":"<p><strong>Lokacija: tvr\u0111ava Punta Christo, \u0160tinjan \/ Pula<\/strong><\/p>\n<p><img loading=\"lazy\" class=\"alignnone size-large wp-image-2541 img-responsive\" src=\"http:\/\/seasplash-festival.com\/wp-content\/uploads\/2016\/06\/fort_punta_christo_1.jpg\" alt=\"fort_punta_christo_1\" width=\"640\" height=\"335\" srcset=\"https:\/\/seasplash-festival.com\/wp-content\/uploads\/2016\/06\/fort_punta_christo_1.jpg 640w, https:\/\/seasplash-festival.com\/wp-content\/uploads\/2016\/06\/fort_punta_christo_1-300x157.jpg 300w, https:\/\/seasplash-festival.com\/wp-content\/uploads\/2016\/06\/fort_punta_christo_1-130x68.jpg 130w\" sizes=\"(max-width: 640px) 100vw, 640px\" \/><\/p>\n<p>Seasplash Summer Club je novoure\u0111eni multifunkcionalni vanjski i unutarnji klubski prostor u okviru tvr\u0111ave Punta Christo, jedne od najljep\u0161ih i najatraktivnijih lokacija tog tipa u svjetskim okvirima.<\/p>\n<p>Tvr\u0111ava Punta Christo sagra\u0111ena je 1862. godine na istoimenom poluotoku u blizini \u0160tinjana i Pule godine i nasuprot Nacionalnom parku Brijuni. Javnosti postaje poznata kao kolijevka Seasplash festivala, gdje su se odr\u017eala prva dva izdanja (2003.\/2004.) i gdje \u0107e se odr\u017eati ovogodi\u0161nje jubilarno 10. izdanje, a nakon \u0161to je ugostila Outlook festival, najve\u0107i europski festival bass glazbe i sound system kulture, postaje popularna daleko izvan na\u0161ih granica, posebice u Velikoj Britaniji, ali i u Skandinaviji, Australiji, Novom Zelandu, odu\u0161evljavaju\u0107i u globalu sve koji su je do sada posjetili.<\/p>\n<p><img loading=\"lazy\" class=\"alignnone size-full wp-image-2540 img-responsive\" src=\"http:\/\/seasplash-festival.com\/wp-content\/uploads\/2016\/06\/fort_punta_christo_2.jpg\" alt=\"fort_punta_christo_2\" width=\"640\" height=\"309\" srcset=\"https:\/\/seasplash-festival.com\/wp-content\/uploads\/2016\/06\/fort_punta_christo_2.jpg 640w, https:\/\/seasplash-festival.com\/wp-content\/uploads\/2016\/06\/fort_punta_christo_2-300x145.jpg 300w, https:\/\/seasplash-festival.com\/wp-content\/uploads\/2016\/06\/fort_punta_christo_2-130x63.jpg 130w\" sizes=\"(max-width: 640px) 100vw, 640px\" \/><\/p>\n<p>Dokaz je kako se uz dozu entuzijazma i puno rada ova nekad napu\u0161tena i zapu\u0161tena tvr\u0111ava, dio povijesnog i kulturnog naslje\u0111a iz doba Austro-Ugarske, pretvorila u atraktivan i koristan dru\u0161tveni prostor, postav\u0161i nezaobilazna destinacija za ciljanu publiku i specijalizirana kulturna i zabavna doga\u0111anja, upotpunjuju\u0107i hrvatsku i europsku kulturno-turisti\u010dku ponudu.<\/p>\n<p>Seasplash Summer Club tre\u0107e godine za redom otvara svoja vrata kao prostor u kojem Seasplash i Pozitivan ritam u suradnji sa Udrugom Punta Christo nastavljaju organizaciju dru\u0161tveno-kulturnih programa, koncerata i festivala, u razdoblju od kraja svibnja do kraja rujna.<\/p>\n","protected":false},"excerpt":{"rendered":"<p>Lokacija: tvr\u0111ava Punta Christo, \u0160tinjan \/ Pula Seasplash Summer Club je novoure\u0111eni multifunkcionalni vanjski i unutarnji klubski prostor u okviru tvr\u0111ave Punta Christo, jedne od najljep\u0161ih i najatraktivnijih lokacija tog tipa u svjetskim okvirima. Tvr\u0111ava Punta Christo sagra\u0111ena je 1862. godine na istoimenom poluotoku u blizini \u0160tinjana i Pule godine i nasuprot Nacionalnom parku Brijuni. Javnosti postaje poznata kao kolijevka Seasplash festivala, gdje su se odr\u017eala prva dva izdanja (2003.\/2004.) i gdje \u0107e se odr\u017eati ovogodi\u0161nje jubilarno 10. izdanje, a nakon \u0161to je ugostila Outlook festival, najve\u0107i europski festival bass glazbe i sound system kulture, postaje popularna daleko izvan na\u0161ih&hellip;<\/p>\n","protected":false},"author":1,"featured_media":2541,"parent":0,"menu_order":0,"comment_status":"closed","ping_status":"closed","template":"page-summerclub.php","meta":[],"_links":{"self":[{"href":"https:\/\/seasplash-festival.com\/en\/wp-json\/wp\/v2\/pages\/2539"}],"collection":[{"href":"https:\/\/seasplash-festival.com\/en\/wp-json\/wp\/v2\/pages"}],"about":[{"href":"https:\/\/seasplash-festival.com\/en\/wp-json\/wp\/v2\/types\/page"}],"author":[{"embeddable":true,"href":"https:\/\/seasplash-festival.com\/en\/wp-json\/wp\/v2\/users\/1"}],"replies":[{"embeddable":true,"href":"https:\/\/seasplash-festival.com\/en\/wp-json\/wp\/v2\/comments?post=2539"}],"version-history":[{"count":0,"href":"https:\/\/seasplash-festival.com\/en\/wp-json\/wp\/v2\/pages\/2539\/revisions"}],"wp:featuredmedia":[{"embeddable":true,"href":"https:\/\/seasplash-festival.com\/en\/wp-json\/wp\/v2\/media\/2541"}],"wp:attachment":[{"href":"https:\/\/seasplash-festival.com\/en\/wp-json\/wp\/v2\/media?parent=2539"}],"curies":[{"name":"wp","href":"https:\/\/api.w.org\/{rel}","templated":true}]}}