{"id":29,"date":"2015-11-04T17:08:31","date_gmt":"2015-11-04T17:08:31","guid":{"rendered":"http:\/\/seasplash-festival.com\/?page_id=29"},"modified":"2020-02-26T09:21:11","modified_gmt":"2020-02-26T09:21:11","slug":"location","status":"publish","type":"page","link":"https:\/\/seasplash-festival.com\/en\/festival\/location\/","title":{"rendered":"Location"},"content":{"rendered":"<p><\/p>\n<h2 class=\"gothic\">Martinska, \u0160ibenik, Croatia<\/h2>\n<p><span class=\"gmail_default\">In<\/span>\u00a0its 18th edition, this summer, Seasplash is being held at <span class=\"gmail_default\">location <\/span>Martinska for the second year in a row, more specifically the area of the former Martinska <span class=\"gmail_default\">auto\u00a0<\/span>camp. Located directly across from the\u00a0<span class=\"gmail_default\">historic city<\/span> of \u0160ibenik, on the unique Srem peninsula and at the entrance to the <span class=\"gmail_default\">port<\/span><span class=\"gmail_default\"> of \u0160ibenik<\/span>, Martinska turned a new page of festival history last summer, and this summer we will <span class=\"gmail_default\">again <\/span>enjoy the dense pine forest right by the sea.<\/p>\n<hr \/>\n<p><strong>About Martinska:<\/strong><\/p>\n<p>Martinska got its name somewhere in the 15th century when a church dedicated to St. Martin on the most important pier of \u0160ibenik winemakers was erected. Sailing through \u0160ibenik harbor to Martinska, to cultivate vineyards, olive groves and fields on Srima has been a part of \u0160ibenik everyday life for centuries.<\/p>\n<p>After the construction of the marina, Martinska was the most important traffic point of \u0160ibenik until July 27, 1966, when the \u0160ibenik bridge was opened through the \u0160ibenik Bay on the Adriatic highway.<\/p>\n<p>Still, Martinska was still very important to the \u0160ibenik, but as a beach resort. In addition, it also keeps memories of the historic beginnings of tourism in \u0160ibenik. It was the main \u0160ibenik beach site for years before the construction of the beach on Jadrija. For a couple of years now, the new history of Martinska is being written and Seasplash Festival is proud to be a part of it.<\/p>\n<p><img loading=\"lazy\" class=\"alignnone size-full wp-image-10624 img-responsive\" src=\"http:\/\/seasplash-festival.com\/wp-content\/uploads\/2020\/02\/festival-lokacija.jpg\" alt=\"\" width=\"3500\" height=\"2333\" srcset=\"https:\/\/seasplash-festival.com\/wp-content\/uploads\/2020\/02\/festival-lokacija.jpg 3500w, https:\/\/seasplash-festival.com\/wp-content\/uploads\/2020\/02\/festival-lokacija-300x200.jpg 300w, https:\/\/seasplash-festival.com\/wp-content\/uploads\/2020\/02\/festival-lokacija-768x512.jpg 768w, https:\/\/seasplash-festival.com\/wp-content\/uploads\/2020\/02\/festival-lokacija-1024x683.jpg 1024w, https:\/\/seasplash-festival.com\/wp-content\/uploads\/2020\/02\/festival-lokacija-130x87.jpg 130w\" sizes=\"(max-width: 3500px) 100vw, 3500px\" \/><\/p>\n<p><strong>About \u0160ibenik:<\/strong><\/p>\n<p>\u0160ibenik is the oldest native Croatian town and a pearl of the Adriatic coast. With its historic fortresses and UNESCO protected cathedral it is a perfect travel destination. Placed in the central Dalmatia it has two national parks, Krka and Kornati, in the vicinity. Its history and beautiful nature together with summer music festivals and gastronomic events make a holistic cultural and hedonistic Mediterranean experience.<\/p>\n<div class=\"video-container\"><iframe loading=\"lazy\" width=\"500\" height=\"281\" src=\"https:\/\/www.youtube.com\/embed\/ibEeKI7J7Tc?feature=oembed\" frameborder=\"0\" allow=\"accelerometer; autoplay; encrypted-media; gyroscope; picture-in-picture\" allowfullscreen><\/iframe><\/div>\n<p>&nbsp;<\/p>\n<p><strong>DO NOT MISS WHILE IN \u0160IBENIK<\/strong><\/p>\n<ul>\n<li>Visiting the Two UNESCO World Heritage Sites, the Cathedral of St. James and St. Nicholas Fort<\/li>\n<li>Checking Out Many Outstanding Festivals and the Summer Stage of St. Michael&#8217;s Fortress<\/li>\n<li>Visiting Krka River, which flows through a deep and picturesque canyon for over 75 km and creates roaring waterfalls<\/li>\n<li>Visit Kornati national park, that covers an area of 220 km2 and includes a total of 89 spectacular islands<\/li>\n<li>Sailing Through St. Anthony\u2019s Channel, One of the Most Beautiful Parts of the Adriatic<\/li>\n<li>Walk or cycle on St Anthony Channel walkway<\/li>\n<li>Enjoying the summer activities on the Banj beach with a unique view of the historic town centre<\/li>\n<li>Visit smaller coastal resorts like Vodice, Jadrija, Primo\u0161ten, Pirovac and Tribunj also offer ample evidence of earlier vibrant communities that can be traced all the way back to antiquity<\/li>\n<li>Exploring \u00a8Game of Thrones\u00a8 filming locations<\/li>\n<li>Join Seasplash Festival<\/li>\n<\/ul>\n<div id='gallery-2' class='gallery galleryid-29 gallery-columns-3 gallery-size-thumbnail'><figure class='gallery-item'>\n\t\t\t<div class='gallery-icon landscape'>\n\t\t\t\t<a data-fancybox=\"gallery\" rel=\"group-29\" href='https:\/\/seasplash-festival.com\/wp-content\/uploads\/2019\/02\/banj-06.jpg'><img width=\"240\" height=\"240\" src=\"https:\/\/seasplash-festival.com\/wp-content\/uploads\/2019\/02\/banj-06-240x240.jpg\" class=\"attachment-thumbnail size-thumbnail\" alt=\"Banj\" loading=\"lazy\" srcset=\"https:\/\/seasplash-festival.com\/wp-content\/uploads\/2019\/02\/banj-06-240x240.jpg 240w, https:\/\/seasplash-festival.com\/wp-content\/uploads\/2019\/02\/banj-06-500x500.jpg 500w\" sizes=\"(max-width: 240px) 100vw, 240px\" \/><\/a>\n\t\t\t<\/div><\/figure><figure class='gallery-item'>\n\t\t\t<div class='gallery-icon landscape'>\n\t\t\t\t<a data-fancybox=\"gallery\" rel=\"group-29\" href='https:\/\/seasplash-festival.com\/wp-content\/uploads\/2019\/02\/sibenik-01.jpg'><img width=\"240\" height=\"240\" src=\"https:\/\/seasplash-festival.com\/wp-content\/uploads\/2019\/02\/sibenik-01-240x240.jpg\" class=\"attachment-thumbnail size-thumbnail\" alt=\"\u0160ibenik 1\" loading=\"lazy\" srcset=\"https:\/\/seasplash-festival.com\/wp-content\/uploads\/2019\/02\/sibenik-01-240x240.jpg 240w, https:\/\/seasplash-festival.com\/wp-content\/uploads\/2019\/02\/sibenik-01-500x500.jpg 500w\" sizes=\"(max-width: 240px) 100vw, 240px\" \/><\/a>\n\t\t\t<\/div><\/figure><figure class='gallery-item'>\n\t\t\t<div class='gallery-icon landscape'>\n\t\t\t\t<a data-fancybox=\"gallery\" rel=\"group-29\" href='https:\/\/seasplash-festival.com\/wp-content\/uploads\/2019\/02\/sibenik-03.jpg'><img width=\"240\" height=\"240\" src=\"https:\/\/seasplash-festival.com\/wp-content\/uploads\/2019\/02\/sibenik-03-240x240.jpg\" class=\"attachment-thumbnail size-thumbnail\" alt=\"\u0160ibenik 3\" loading=\"lazy\" srcset=\"https:\/\/seasplash-festival.com\/wp-content\/uploads\/2019\/02\/sibenik-03-240x240.jpg 240w, https:\/\/seasplash-festival.com\/wp-content\/uploads\/2019\/02\/sibenik-03-500x500.jpg 500w\" sizes=\"(max-width: 240px) 100vw, 240px\" \/><\/a>\n\t\t\t<\/div><\/figure><figure class='gallery-item'>\n\t\t\t<div class='gallery-icon landscape'>\n\t\t\t\t<a data-fancybox=\"gallery\" rel=\"group-29\" href='https:\/\/seasplash-festival.com\/wp-content\/uploads\/2019\/02\/sibenik-kanal-svAnte-07.jpg'><img width=\"240\" height=\"240\" src=\"https:\/\/seasplash-festival.com\/wp-content\/uploads\/2019\/02\/sibenik-kanal-svAnte-07-240x240.jpg\" class=\"attachment-thumbnail size-thumbnail\" alt=\"\u0160ibenik 7\" loading=\"lazy\" srcset=\"https:\/\/seasplash-festival.com\/wp-content\/uploads\/2019\/02\/sibenik-kanal-svAnte-07-240x240.jpg 240w, https:\/\/seasplash-festival.com\/wp-content\/uploads\/2019\/02\/sibenik-kanal-svAnte-07-500x500.jpg 500w\" sizes=\"(max-width: 240px) 100vw, 240px\" \/><\/a>\n\t\t\t<\/div><\/figure><figure class='gallery-item'>\n\t\t\t<div class='gallery-icon landscape'>\n\t\t\t\t<a data-fancybox=\"gallery\" rel=\"group-29\" href='https:\/\/seasplash-festival.com\/wp-content\/uploads\/2019\/02\/kornati-09.jpg'><img width=\"240\" height=\"240\" src=\"https:\/\/seasplash-festival.com\/wp-content\/uploads\/2019\/02\/kornati-09-240x240.jpg\" class=\"attachment-thumbnail size-thumbnail\" alt=\"Kornati\" loading=\"lazy\" srcset=\"https:\/\/seasplash-festival.com\/wp-content\/uploads\/2019\/02\/kornati-09-240x240.jpg 240w, https:\/\/seasplash-festival.com\/wp-content\/uploads\/2019\/02\/kornati-09-500x500.jpg 500w\" sizes=\"(max-width: 240px) 100vw, 240px\" \/><\/a>\n\t\t\t<\/div><\/figure><figure class='gallery-item'>\n\t\t\t<div class='gallery-icon landscape'>\n\t\t\t\t<a data-fancybox=\"gallery\" rel=\"group-29\" href='https:\/\/seasplash-festival.com\/wp-content\/uploads\/2019\/02\/krka-08.jpg'><img width=\"240\" height=\"240\" src=\"https:\/\/seasplash-festival.com\/wp-content\/uploads\/2019\/02\/krka-08-240x240.jpg\" class=\"attachment-thumbnail size-thumbnail\" alt=\"Krka\" loading=\"lazy\" srcset=\"https:\/\/seasplash-festival.com\/wp-content\/uploads\/2019\/02\/krka-08-240x240.jpg 240w, https:\/\/seasplash-festival.com\/wp-content\/uploads\/2019\/02\/krka-08-500x500.jpg 500w\" sizes=\"(max-width: 240px) 100vw, 240px\" \/><\/a>\n\t\t\t<\/div><\/figure><figure class='gallery-item'>\n\t\t\t<div class='gallery-icon landscape'>\n\t\t\t\t<a data-fancybox=\"gallery\" rel=\"group-29\" href='https:\/\/seasplash-festival.com\/wp-content\/uploads\/2019\/02\/tvrdava-sv-mihovil-05.jpg'><img width=\"240\" height=\"240\" src=\"https:\/\/seasplash-festival.com\/wp-content\/uploads\/2019\/02\/tvrdava-sv-mihovil-05-240x240.jpg\" class=\"attachment-thumbnail size-thumbnail\" alt=\"\u0160ibenik 5\" loading=\"lazy\" srcset=\"https:\/\/seasplash-festival.com\/wp-content\/uploads\/2019\/02\/tvrdava-sv-mihovil-05-240x240.jpg 240w, https:\/\/seasplash-festival.com\/wp-content\/uploads\/2019\/02\/tvrdava-sv-mihovil-05-500x500.jpg 500w\" sizes=\"(max-width: 240px) 100vw, 240px\" \/><\/a>\n\t\t\t<\/div><\/figure><figure class='gallery-item'>\n\t\t\t<div class='gallery-icon landscape'>\n\t\t\t\t<a data-fancybox=\"gallery\" rel=\"group-29\" href='https:\/\/seasplash-festival.com\/wp-content\/uploads\/2019\/02\/katedrala-tz-sibenik-04.jpg'><img width=\"240\" height=\"240\" src=\"https:\/\/seasplash-festival.com\/wp-content\/uploads\/2019\/02\/katedrala-tz-sibenik-04-240x240.jpg\" class=\"attachment-thumbnail size-thumbnail\" alt=\"\u0160ibenik 4\" loading=\"lazy\" srcset=\"https:\/\/seasplash-festival.com\/wp-content\/uploads\/2019\/02\/katedrala-tz-sibenik-04-240x240.jpg 240w, https:\/\/seasplash-festival.com\/wp-content\/uploads\/2019\/02\/katedrala-tz-sibenik-04-500x500.jpg 500w\" sizes=\"(max-width: 240px) 100vw, 240px\" \/><\/a>\n\t\t\t<\/div><\/figure><figure class='gallery-item'>\n\t\t\t<div class='gallery-icon landscape'>\n\t\t\t\t<a data-fancybox=\"gallery\" rel=\"group-29\" href='https:\/\/seasplash-festival.com\/wp-content\/uploads\/2019\/02\/sibenik-02.jpg'><img width=\"240\" height=\"240\" src=\"https:\/\/seasplash-festival.com\/wp-content\/uploads\/2019\/02\/sibenik-02-240x240.jpg\" class=\"attachment-thumbnail size-thumbnail\" alt=\"\u0160ibenik 2\" loading=\"lazy\" srcset=\"https:\/\/seasplash-festival.com\/wp-content\/uploads\/2019\/02\/sibenik-02-240x240.jpg 240w, https:\/\/seasplash-festival.com\/wp-content\/uploads\/2019\/02\/sibenik-02-500x500.jpg 500w\" sizes=\"(max-width: 240px) 100vw, 240px\" \/><\/a>\n\t\t\t<\/div><\/figure>\n\t\t<\/div>\n\n<p><strong>You can find more info on these links:<\/strong><\/p>\n<p><a href=\"http:\/\/www.sibenik-tourism.hr\" target=\"_blank\" rel=\"noopener\">www.sibenik-tourism.hr<\/a><br \/>\n<a href=\"http:\/\/www.dalmatiasibenik.hr\" target=\"_blank\" rel=\"noopener\">www.dalmatiasibenik.hr<\/a><br \/>\n<a href=\"http:\/\/www.np-krka.hr\" target=\"_blank\" rel=\"noopener\">www.np-krka.hr<\/a><br \/>\n<a href=\"http:\/\/www.np-kornati.hr\" target=\"_blank\" rel=\"noopener\">www.np-kornati.hr<\/a><br \/>\n<a href=\"http:\/\/www.kanal-svetog-ante.com\" target=\"_blank\" rel=\"noopener\">www.kanal-svetog-ante.com<\/a><br \/>\n<a href=\"http:\/\/www.sibenik.travel\" target=\"_blank\" rel=\"noopener\">www.sibenik.travel<\/a><\/p>\n<p>Text and photos <a href=\"http:\/\/www.sibenik-tourism.hr\" target=\"_blank\" rel=\"noopener\">\u0160ibenik Tourist Board<\/a>, Tourist Board of the <a href=\"http:\/\/www.dalmatiasibenik.hr\" target=\"_blank\" rel=\"noopener\">\u0160ibenik-Knin County<\/a>.<\/p>\n<p><br class=\"nc\" \/><strong>How to reach Martinska:<\/strong><\/p>\n<p>If you don\u2019t have your own vehicle, have in mind that there are all kinds of public transportation to \u0160ibenik (trains, buses, airplanes).<\/p>\n<p><strong>BY CAR<\/strong><br \/>\nFrom the direction of <a href=\"https:\/\/goo.gl\/maps\/oi3RwKmCvD82\" target=\"_blank\" rel=\"noopener\">Zagreb<\/a>, <a href=\"https:\/\/goo.gl\/maps\/xtxEEwky8hn\" target=\"_blank\" rel=\"noopener\">Rijeka and Istria<\/a> it is easy to reach Martinska following the motorway direction \u0160ibenik and get off at the exit 20 &#8211; Pirovac, and then continue driving in the direction of Jadrija and Martinska. Also, from the direction of <a href=\"https:\/\/goo.gl\/maps\/atzgfxGVNF52\" target=\"_blank\" rel=\"noopener\">Split<\/a> follow the motorway and use exit 22- \u0160ibenik and follow the road through \u0160ibenik Bridge and to Martinska.<\/p>\n<p><strong>BY BUS<\/strong><br \/>\nThere are regular bus lines from all major cities in Croatia and in the region. For more info look up <a href=\"http:\/\/getbybus.com\" target=\"_blank\" rel=\"noopener\">getbybus.com<\/a>.<\/p>\n<p><strong>BY TRAIN<\/strong><br \/>\nIt is easy to reach \u0160ibenik from Zagreb by train. For more information look up <a href=\"http:\/\/www.hzpp.hr\" target=\"_blank\" rel=\"noopener\">www.hzpp.hr<\/a>.<\/p>\n<p><strong>BY AIRPLANE<\/strong><br \/>\nThere are two international airports close to city of \u0160ibenik. Zadar Airport is 80 kilometers away <a href=\"http:\/\/www.zadar-airport.hr\" target=\"_blank\" rel=\"noopener\">www.zadar-airport.hr<\/a>, and Airport Split only 60 kilometers <a href=\"http:\/\/www.split-airport.hr\" target=\"_blank\" rel=\"noopener\">www.split-airport.hr<\/a>. They are both reachable by motorway.<\/p>\n<p><strong>BY BOAT<\/strong><br \/>\nThere is a catamaran line from Pula to Zadar a few times a week during the summer. Find more info and timetable on <a href=\"http:\/\/www.catamaran-line.hr\/eng\/pula-unije-susak-mali-losinj-ilovik-silba-zadar\/\" target=\"_blank\" rel=\"noopener\">this link<\/a>.<\/p>\n<p>&nbsp;<\/p>\n<h2>Search Flights<\/h2>\n<p><\/p>","protected":false},"excerpt":{"rendered":"<p>Martinska, \u0160ibenik, Croatia In\u00a0its 18th edition, this summer, Seasplash is being held at location Martinska for the second year in a row, more specifically the area of the former Martinska auto\u00a0camp. Located directly across from the\u00a0historic city of \u0160ibenik, on the unique Srem peninsula and at the entrance to the port of \u0160ibenik, Martinska turned a new page of festival history last summer, and this summer we will again enjoy the dense pine forest right by the sea. About Martinska: Martinska got its name somewhere in the 15th century when a church dedicated to St. Martin on the most important&hellip;<\/p>\n","protected":false},"author":1,"featured_media":1917,"parent":31,"menu_order":0,"comment_status":"closed","ping_status":"closed","template":"page-location.php","meta":[],"_links":{"self":[{"href":"https:\/\/seasplash-festival.com\/en\/wp-json\/wp\/v2\/pages\/29"}],"collection":[{"href":"https:\/\/seasplash-festival.com\/en\/wp-json\/wp\/v2\/pages"}],"about":[{"href":"https:\/\/seasplash-festival.com\/en\/wp-json\/wp\/v2\/types\/page"}],"author":[{"embeddable":true,"href":"https:\/\/seasplash-festival.com\/en\/wp-json\/wp\/v2\/users\/1"}],"replies":[{"embeddable":true,"href":"https:\/\/seasplash-festival.com\/en\/wp-json\/wp\/v2\/comments?post=29"}],"version-history":[{"count":22,"href":"https:\/\/seasplash-festival.com\/en\/wp-json\/wp\/v2\/pages\/29\/revisions"}],"predecessor-version":[{"id":10626,"href":"https:\/\/seasplash-festival.com\/en\/wp-json\/wp\/v2\/pages\/29\/revisions\/10626"}],"up":[{"embeddable":true,"href":"https:\/\/seasplash-festival.com\/en\/wp-json\/wp\/v2\/pages\/31"}],"wp:featuredmedia":[{"embeddable":true,"href":"https:\/\/seasplash-festival.com\/en\/wp-json\/wp\/v2\/media\/1917"}],"wp:attachment":[{"href":"https:\/\/seasplash-festival.com\/en\/wp-json\/wp\/v2\/media?parent=29"}],"curies":[{"name":"wp","href":"https:\/\/api.w.org\/{rel}","templated":true}]}}