{"id":662,"date":"2010-04-19T12:47:36","date_gmt":"2010-04-19T12:47:36","guid":{"rendered":"http:\/\/seasplash-festival.com\/?page_id=662"},"modified":"2016-02-05T18:12:07","modified_gmt":"2016-02-05T18:12:07","slug":"line-up-2010","status":"publish","type":"page","link":"https:\/\/seasplash-festival.com\/en\/program\/line-up-2010\/","title":{"rendered":"Line Up 2010"},"content":{"rendered":"<p style=\"text-align: justify;\">4 days \/ 5 stages (Mainsplash stage, Soundsplash stage, Dubsplash stage, Electrosplash stage, Kingsplash stage) \/ concerts \/ soundsystem shows \/ live acts \/ DJ sets \/ Kingston shop &amp; sound \/ video \/ dance selections \/ rasta cup \/ workshops \/ camping \/ bars &amp; food \/ bazar \/ decorations \/ Seasplash boat \/ beach accessories \/daily chill out zone in Seasplash Summer Club @ Fort Punta Christo, \u0160tinjan \/ summer party with friends + much more &#8230;<\/p>\n<h3>\u010cet\/Thu, 22.07.2010.<\/h3>\n<p>Mainsplash stage:<br \/>\n<strong>HIGH TONE<\/strong> (F)<br \/>\n<strong>LAS BALKANIERAS<\/strong> (BiH, Hr, Rus, D)<br \/>\n<strong>BEETAN TONE<\/strong> (Hr)<\/p>\n<p>Soundsplash stage:<br \/>\n<strong>RSD<\/strong> (UK)<br \/>\n<strong>DJ TWELVE<\/strong> (F)<br \/>\n<strong>UPLIFTMENT INTL<\/strong> (D)<br \/>\n<strong>Dr. RUS<\/strong> (Hr)<br \/>\nDOLCE VITA BALKAN promo party<\/p>\n<p>Electrosplash stage \/ in dubstep, breakbeat &amp; wobbly basss by DUBstep KLUB crew:<br \/>\n<strong>LED PIPERZ<\/strong> (F)<br \/>\n<strong>TEDDY LEE<\/strong> (Hr)<br \/>\n<strong>JAN BECELE<\/strong> (Hr)<br \/>\n<strong>BAMSTER<\/strong> (Hr)<\/p>\n<h3>Pet\/Fri, 23.07.2010.<\/h3>\n<p>Mainsplash stage:<br \/>\n<strong>LUTAN FYAH<\/strong> (JAM) + <strong>High Grade Band<\/strong> (H)<br \/>\n<strong>SMITH &amp; MIGHTY feat. MC Joe Peng<\/strong> (UK)<br \/>\n<strong>ELVIS JACKSON<\/strong> (Slo)<br \/>\n<strong>BAMWISE<\/strong> (Hr)<\/p>\n<p>Soundsplash stage:<br \/>\n<strong>EXODUS<\/strong> (UK)<br \/>\n<strong>DJ CHATKO<\/strong> (Hr)<br \/>\n<strong>RAUL<\/strong> (Hr)<\/p>\n<p>Electrosplash stage \/ drum&#8217;n&#8217;bass &amp; breakcore:<br \/>\nDrum&#8217;n&#8217;bass by Samo da je dramenbejs kolektiv<br \/>\n<strong>DJ CRAFTMAN<\/strong><br \/>\n<strong>MC FRIKK D LIKK<\/strong><br \/>\n<strong>MIROMAN<\/strong> (Hr)<br \/>\nVJ\/graphics <strong>SHROOMS &amp; ZOO MOUTH<\/strong><br \/>\nbreakcore by Brain Decay:<br \/>\n<strong>DISBREAKZ<\/strong> (Hr, D-Trash Records)<br \/>\n<strong>JIGEN<\/strong> (Hr, Pistolero)<br \/>\n<strong>DEMONAUT&amp;BREAKOMORA<\/strong> (Hr, Brain Decay)<\/p>\n<p>Doma\u0107ini ve\u010deri, nikad normalniji \u0107e vas opu\u0161tati uz ugodne zvuke valova i dupina.<br \/>\nvisuals &#8216;n&#8217; deco by <strong>BrainDecay crew<\/strong>.<\/p>\n<h3>Sub\/Sat, 24.07.2010.<\/h3>\n<p>Mainsplash stage:<br \/>\n<strong>IRATION STEPPAS<\/strong> (UK)<br \/>\n<strong>ST!llness<\/strong> (Hr)<br \/>\n<strong>GENTLEMAN&#8217;S DUB CLUB<\/strong> (UK)<br \/>\n<strong>POSTOLAR TRIPPER<\/strong> (Hr)<\/p>\n<p>Soundsplash stage:<br \/>\n<strong>KAND\u017dIJA<\/strong> (Hr)<br \/>\n<strong>OLI DOBOLLI<\/strong> (Hr)<br \/>\n<strong>DANNY BWOY<\/strong> (Hr)<br \/>\n<strong>DJ D-GREE<\/strong> (Hr)<\/p>\n<p>Electrosplash stage \/ in nu-disco electro techno by Sirup club:<br \/>\n<strong>SERGEJ<\/strong> (Sirup, Homemade, Burek)<br \/>\n<strong>ARSZENIK<\/strong> (Sirup, Hartera)<br \/>\n<strong>DJ ZERT IOP<\/strong> (I)<br \/>\n<strong>VJ LADYBOME!<\/strong><\/p>\n<p>Mainsplash stage visuals\/VJ-ing by<strong> Trip to Zion<\/strong> video<br \/>\nvoditelji programa \/ master of the ceremony <strong>POPAY MC &amp; MC CHAKKA<\/strong><\/p>\n<h3>\u010cet-Sub\/Thu-Sat, 22.-24.07.2010.<\/h3>\n<p>DUBSPLASH STAGE<br \/>\n&#8211; hosted by<strong> DIGITRON SOUNDSYSTEM<\/strong> (hr)<br \/>\n&#8211; novi festivalski stage \/ new festival stage, strictly roots &amp; dub in original soundsystem scoops style<br \/>\n&#8211; sa sljede\u0107im gostima po danima \/ with the following guests by dates:<\/p>\n<p>\u010cet\/Thu, 22.07.2010. &#8211; <strong>CHANNEL ONE SOUND SYSTEM<\/strong> (UK)<br \/>\nPet\/Fri, 23.07.2010. &#8211; <strong>WEEDING DUB<\/strong> (F)<br \/>\nSub\/Sat, 24.07.2010. &#8211; <strong>DIGITRON SOUND SYSTEM<\/strong> (Hr)<\/p>\n<h5>KINGSTON SHOP &amp; SOUND<\/h5>\n<p>&#8211; hosted by <strong>KINGSTON SOUNDSYSTEM<\/strong> (hr) via dancehall reggae roots rub a dub soca grime jungle inna dj\/mc &amp; soundsystem style<br \/>\n&#8211; Nenajavljeni gosti i sessioni svake ve\u010deri festivala! Morate prisustvovati u\u017eivo da bi \u010duli i vidjeli! \/ Unannounced guests &amp; sessions during every night of the festival! You have to be there to see and hear this!<\/p>\n<h3>Ned\/Sun, 25.07.2010.<\/h3>\n<p>&#8211; closing party &amp; last chance 2 dance @ Seasplash Summer Club \/ Fort Punta Christo, \u0160tinjan by <strong>SEASPLASH CREW<\/strong> + drugi ekskluzivni gosti \/ other exclusive guests!<\/p>\n<h3>EXTRAS<\/h3>\n<p>tokom dana \/ during the day: Ulaz 8. Seasplash festivala otvara se u \u010detvrtak, 22.07., u 12h (podne)<br \/>\n8th Seasplash festival entrance opened from Thursday, 22nd July at noon<\/p>\n<p>Seasplash BMX session! \u010det\/Thu, 22.07.2010. &#8211; u poslijepodnevnim satima na ulicama Pule \/ in the afternoon on the streets of Pula<br \/>\nDOLCE VITA BALKAN promo party, \u010det\/Thu, 19-22h @ Soundsplash stage<\/p>\n<p>&#8211; Cirkus za svakoga by \u010carobnjakov \u0161e\u0161ir (\u017eongliranje, \u0161tuliranje i glupiranje) \/ Circus For Everyone by Wizzard&#8217;s Hat (juggling, walking on sticks and fooling around)<br \/>\n&#8211; Rasta Cups (prijave na festivalskoj lokaciji \/ applications at the festival)<br \/>\n&#8211; Seasplash brod pocinje ploviti u \u010detvrtak, 22.07. u 13 h sa pulske rive \u2013 non stop do nedjelje, 25.07. u 10 ujutro<br \/>\n&#8211; Seasplash boat starts floating Thursday, 22nd July, 1.00 pm from Pula port &#8211; non stop until Sunday, 25th July at 10.00 am<\/p>\n<h4>the long lasting Croatian summer-open air-dance &amp; lifestyle festival,<br \/>\npresenting the best of regional and worldwide artists<\/h4>\n<p>under files:<br \/>\nreggae roots dub ska rocksteady dancehall jungle d&#8217;n&#8217;b hip-hop breaks dubstep breakcore trance electro<\/p>\n<p>free camping with the festival ticket and your own camping gear<br \/>\ndifferent accommodation facilities around the festival area (campsites, hotels, hostels, apartments) arriving airport in Pula or other in the area (Croatia: Rijeka, Zagreb, Italy: Trieste, Venice, Slovenia: Ljubljana)<\/p>\n","protected":false},"excerpt":{"rendered":"<p>4 days \/ 5 stages (Mainsplash stage, Soundsplash stage, Dubsplash stage, Electrosplash stage, Kingsplash stage) \/ concerts \/ soundsystem shows \/ live acts \/ DJ sets \/ Kingston shop &amp; sound \/ video \/ dance selections \/ rasta cup \/ workshops \/ camping \/ bars &amp; food \/ bazar \/ decorations \/ Seasplash boat \/ beach accessories \/daily chill out zone in Seasplash Summer Club @ Fort Punta Christo, \u0160tinjan \/ summer party with friends + much more &#8230; \u010cet\/Thu, 22.07.2010. Mainsplash stage: HIGH TONE (F) LAS BALKANIERAS (BiH, Hr, Rus, D) BEETAN TONE (Hr) Soundsplash stage: RSD (UK) DJ&hellip;<\/p>\n","protected":false},"author":1,"featured_media":663,"parent":309,"menu_order":0,"comment_status":"closed","ping_status":"closed","template":"page-lineup.php","meta":[],"_links":{"self":[{"href":"https:\/\/seasplash-festival.com\/en\/wp-json\/wp\/v2\/pages\/662"}],"collection":[{"href":"https:\/\/seasplash-festival.com\/en\/wp-json\/wp\/v2\/pages"}],"about":[{"href":"https:\/\/seasplash-festival.com\/en\/wp-json\/wp\/v2\/types\/page"}],"author":[{"embeddable":true,"href":"https:\/\/seasplash-festival.com\/en\/wp-json\/wp\/v2\/users\/1"}],"replies":[{"embeddable":true,"href":"https:\/\/seasplash-festival.com\/en\/wp-json\/wp\/v2\/comments?post=662"}],"version-history":[{"count":0,"href":"https:\/\/seasplash-festival.com\/en\/wp-json\/wp\/v2\/pages\/662\/revisions"}],"up":[{"embeddable":true,"href":"https:\/\/seasplash-festival.com\/en\/wp-json\/wp\/v2\/pages\/309"}],"wp:featuredmedia":[{"embeddable":true,"href":"https:\/\/seasplash-festival.com\/en\/wp-json\/wp\/v2\/media\/663"}],"wp:attachment":[{"href":"https:\/\/seasplash-festival.com\/en\/wp-json\/wp\/v2\/media?parent=662"}],"curies":[{"name":"wp","href":"https:\/\/api.w.org\/{rel}","templated":true}]}}