{"id":9255,"date":"2020-02-25T21:51:56","date_gmt":"2020-02-25T21:51:56","guid":{"rendered":"http:\/\/seasplash-festival.com\/?page_id=9255"},"modified":"2020-02-25T21:51:56","modified_gmt":"2020-02-25T21:51:56","slug":"location-3","status":"publish","type":"page","link":"https:\/\/seasplash-festival.com\/en\/festival\/location-3\/","title":{"rendered":"Location Martinska"},"content":{"rendered":"<p><\/p>\n<h2 class=\"gothic\">Martinska, \u0160ibenik, Croatia<\/h2>\n<p>For the first time in the 17 years of the festival, Seasplash is taking a trip down south, to beautiful Dalmatia, more precisely to Martinska pier and beach. Situated directly across the sea from the historic City of \u0160ibenik, on the unique Srim Peninsula and at the entrance of the Port of \u0160ibenik, Martinska will open a new chapter in the festival&#8217;s history.<\/p>\n<hr \/>\n<p><strong>About Martinska:<\/strong><\/p>\n<p>Martinska got its name somewhere in the 15th century when a church dedicated to St. Martin on the most important pier of \u0160ibenik winemakers was erected. Sailing through \u0160ibenik harbor to Martinska, to cultivate vineyards, olive groves and fields on Srima has been a part of \u0160ibenik everyday life for centuries.<\/p>\n<p>After the construction of the marina, Marinska was the most important traffic point of \u0160ibenik until July 27, 1966, when the \u0160ibenik bridge was opened through the \u0160ibenik Bay on the Adriatic highway.<\/p>\n<p>Still, Martinska was still very important to the \u0160ibenik, but as a beach resort. In addition, it also keeps memories of the historic beginnings of tourism in \u0160ibenik. It was the main \u0160ibenik beach site for years before the construction of the beach on Jadrija. For a couple of years now, the new history of Martinska is being written and Seasplash Festival is proud to be a part of it.<\/p>\n<p><strong>How to reach Martinska:<\/strong><\/p>\n<p>If you don\u2019t have your own vehicle, have in mind that there are all kinds of public transportation to \u0160ibenik (trains, buses, airplanes).<\/p>\n<p><strong>BY CAR<\/strong><br \/>\nFrom the direction of <a href=\"https:\/\/goo.gl\/maps\/oi3RwKmCvD82\" target=\"_blank\" rel=\"noopener\">Zagreb<\/a>, <a href=\"https:\/\/goo.gl\/maps\/xtxEEwky8hn\" target=\"_blank\" rel=\"noopener\">Rijeka and Istria<\/a> it is easy to reach Martinska following the motorway direction \u0160ibenik and get off at the exit 20 &#8211; Pirovac, and then continue driving in the direction of Jadrija and Martinska. Also, from the direction of <a href=\"https:\/\/goo.gl\/maps\/atzgfxGVNF52\" target=\"_blank\" rel=\"noopener\">Split<\/a> follow the motorway and use exit 22- \u0160ibenik and follow the road through \u0160ibenik Bridge and to Martinska.<\/p>\n<p><strong>BY BUS<\/strong><br \/>\nThere are regular bus lines from all major cities in Croatia and in the region. For more info look up <a href=\"http:\/\/getbybus.com\" target=\"_blank\" rel=\"noopener\">getbybus.com<\/a>.<\/p>\n<p><strong>BY TRAIN<\/strong><br \/>\nIt is easy to reach \u0160ibenik from Zagreb by train. For more information look up <a href=\"http:\/\/www.hzpp.hr\" target=\"_blank\" rel=\"noopener\">www.hzpp.hr<\/a>.<\/p>\n<p><strong>BY AIRPLANE<\/strong><br \/>\nThere are two international airports close to city of \u0160ibenik. Zadar Airport is 80 kilometers away <a href=\"http:\/\/www.zadar-airport.hr\" target=\"_blank\" rel=\"noopener\">www.zadar-airport.hr<\/a>, and Airport Split only 60 kilometers <a href=\"http:\/\/www.split-airport.hr\" target=\"_blank\" rel=\"noopener\">www.split-airport.hr<\/a>. They are both reachable by motorway.<\/p>\n<p>&nbsp;<\/p>\n<h2>Search Flights<\/h2>\n<p><\/p>","protected":false},"excerpt":{"rendered":"<p>Martinska, \u0160ibenik, Croatia For the first time in the 17 years of the festival, Seasplash is taking a trip down south, to beautiful Dalmatia, more precisely to Martinska pier and beach. Situated directly across the sea from the historic City of \u0160ibenik, on the unique Srim Peninsula and at the entrance of the Port of \u0160ibenik, Martinska will open a new chapter in the festival&#8217;s history. About Martinska: Martinska got its name somewhere in the 15th century when a church dedicated to St. Martin on the most important pier of \u0160ibenik winemakers was erected. Sailing through \u0160ibenik harbor to Martinska,&hellip;<\/p>\n","protected":false},"author":1,"featured_media":0,"parent":31,"menu_order":0,"comment_status":"closed","ping_status":"closed","template":"page-sidebar.php","meta":[],"_links":{"self":[{"href":"https:\/\/seasplash-festival.com\/en\/wp-json\/wp\/v2\/pages\/9255"}],"collection":[{"href":"https:\/\/seasplash-festival.com\/en\/wp-json\/wp\/v2\/pages"}],"about":[{"href":"https:\/\/seasplash-festival.com\/en\/wp-json\/wp\/v2\/types\/page"}],"author":[{"embeddable":true,"href":"https:\/\/seasplash-festival.com\/en\/wp-json\/wp\/v2\/users\/1"}],"replies":[{"embeddable":true,"href":"https:\/\/seasplash-festival.com\/en\/wp-json\/wp\/v2\/comments?post=9255"}],"version-history":[{"count":5,"href":"https:\/\/seasplash-festival.com\/en\/wp-json\/wp\/v2\/pages\/9255\/revisions"}],"predecessor-version":[{"id":10622,"href":"https:\/\/seasplash-festival.com\/en\/wp-json\/wp\/v2\/pages\/9255\/revisions\/10622"}],"up":[{"embeddable":true,"href":"https:\/\/seasplash-festival.com\/en\/wp-json\/wp\/v2\/pages\/31"}],"wp:attachment":[{"href":"https:\/\/seasplash-festival.com\/en\/wp-json\/wp\/v2\/media?parent=9255"}],"curies":[{"name":"wp","href":"https:\/\/api.w.org\/{rel}","templated":true}]}}