{"id":1224,"date":"2012-02-01T13:52:25","date_gmt":"2012-02-01T13:52:25","guid":{"rendered":"http:\/\/seasplash-festival.com\/?page_id=1224"},"modified":"2016-02-05T18:11:33","modified_gmt":"2016-02-05T18:11:33","slug":"line-up-2012","status":"publish","type":"page","link":"https:\/\/seasplash-festival.com\/hr\/program\/line-up-2012\/","title":{"rendered":"Line Up 2012"},"content":{"rendered":"<p><\/p>\n<h2>10. Seasplash Lineup<\/h2>\n<h3>\u010cetvrtak\/Thursday, 19.07.<\/h3>\n<p><em>Livesplash stage (21-03h):<\/em><br \/>\n<strong>RUTS DC feat. Molara<\/strong> (uk), <strong>BAMWISE <\/strong>(hr), <strong>GOLEM<\/strong> (hr\/slo), <strong>I-TAL JAM BAND<\/strong> (hr)<\/p>\n<p><em>Soundsplash stage (22-06h):<\/em><br \/>\n<strong>DJ MADD<\/strong> (hu\/uk), <strong>DJ DIAZ<\/strong> (a), <strong>207<\/strong> (hr), <strong>L JAY<\/strong> (hr)<\/p>\n<p><em>Dubsplash stage (22-06h):<\/em><br \/>\n<strong>SHALAMANDA HI FI<\/strong> (a), <strong>BUTCHAA MESSENJAH<\/strong> (srb), <strong>ZU_BAM<\/strong> (hr), intro &amp; outro <strong>DIGITRON<\/strong> (hr)<\/p>\n<p><em>Electrosplash stage (23-06h)<\/em>:<strong><br \/>\nLABOSH<\/strong> (hr), <strong>TIKACH &amp; SNAP<\/strong> (hr), <strong>DJ NJAX<\/strong> (hr)<\/p>\n<p><em>Beachsplash stage (12-22h):<\/em><br \/>\n<strong>DUBai<\/strong> (hr), <strong>SLAVONIJA VIBEZ SYNDICATE<\/strong> (hr), <strong>BALDHEAD DREAD<\/strong> (hr), <strong>BRADA SELECTA<\/strong> (hr)<\/p>\n<h3>Petak\/Friday, 20.07.<\/h3>\n<p><em>Livesplash stage (21-04h):<\/em><br \/>\n<strong>JOKE<\/strong> (f), <strong>PAPRIKA KORPS<\/strong> (pl), <strong>BRAIN HOLIDAYS<\/strong> (hr), <strong>IRIE FM<\/strong> (srb), <strong>CIRKUS <\/strong>(hr)<\/p>\n<p><em>Soundsplash stage (22-06h):<\/em><br \/>\n<strong>GENERAL WOO <\/strong>(hr), <strong>KINGSTON SOUND<\/strong> (hr), <strong>KING SHANGO SOUND<\/strong> (hr), <strong>\u0110nB<\/strong> (hr)<\/p>\n<p><em>Dubsplash stage (22-06h):<\/em><br \/>\n<strong>O.B.F SOUND SYSTEM<\/strong> (f), <strong>DIGITRON<\/strong> (hr) intro &amp; full set, <strong>ROOTS DAUGHTERS<\/strong> (hr)<\/p>\n<p><em>Electrosplash stage (23-06h):<\/em><br \/>\n<strong>ZMAYO<\/strong> (hr), <strong>JAN BECELE<\/strong> (hr), <strong>LEEKS<\/strong> (hr), <strong>MAYA<\/strong> (hr)<\/p>\n<p><em>Beachsplash stage (12-22h):<\/em><br \/>\n<strong>RUTS D.C. HI FI<\/strong> (uk), <strong>DJ MADD<\/strong> (hu\/uk), <strong>DJ DIAZ<\/strong> (a), <strong>LABOSH<\/strong> (hr)<\/p>\n<h3>Subota\/Saturday, 21.07.<\/h3>\n<p><em>Livesplash stage (21-04h):<\/em><br \/>\n<strong>DREADZONE<\/strong> (uk), <strong>ST!llness<\/strong> (hr), <strong>RAGANA <\/strong>(pl), <strong>DUBZILLA<\/strong> (slo), <strong>DISCO&#8217;N&#8217;ACTION<\/strong> (hr)<\/p>\n<p><em>Soundsplash stage (21-06h):<\/em><br \/>\n<strong>VIBRONICS<\/strong> (uk), <strong>BASS CULTURE SOUND SYSTEM<\/strong> (hr), <strong>DUBBLE<\/strong> (hr), <strong>DJANE SISTA<\/strong> (slo), <strong>BASS MATTERS <\/strong>(hr)<\/p>\n<p><em>Dubsplash stage (22-06h):<\/em><br \/>\n<strong>JAH FREE<\/strong> (uk), <strong>HOMEGROWN SOUND\/ONE WOMAN ARMY IN DUB<\/strong> (hr), <strong>DIGITRON<\/strong> (hr) intro &amp; guests mash up<\/p>\n<p><em>Electrosplash stage (23-06h):<\/em><br \/>\n<strong>OM UNIT<\/strong> (uk), <strong>KRUNCH IT!<\/strong> (slo), <strong>COOKIE<\/strong> (slo)<\/p>\n<p><em>Beachsplash stage (12-22h):<\/em><br \/>\n<strong>DUB LAB<\/strong> (slo), <strong>MARMELADA<\/strong> (Zmayo &amp; Wrx\/hr), <strong>SHOSHANA<\/strong> (slo), <strong>FAROUT CREW<\/strong> (hr)<\/p>\n<h3>Nedjelja\/Sunday, 22.07.<\/h3>\n<p><em>Soundsplash stage (21-06h):<\/em><br \/>\n<strong>RUTS D.C. HI FI <\/strong>(uk), <strong>TRICKY D<\/strong> (hr\/d), <strong>RAHMANEE<\/strong> (srb), <strong>FILIP MOTOVUNSKI<\/strong> (hr), <strong>SHECO<\/strong> (hr)<\/p>\n<p><em>Electrosplash stage (23-06h):<\/em><br \/>\n<strong>LINA&amp;SLAVEN<\/strong> (hr), <strong>BAKKA<\/strong> (hr), <strong>NOISEA<\/strong> (hr)<\/p>\n<p><em>Beachsplash stage (12-22h):<\/em><br \/>\n<strong>STEVE VIBRONICS DJ set<\/strong> (uk), JAHSTICE SOUND (hr), JAH BILLAH (hr), <strong>BANANA ZVUK<\/strong> (hr)<\/p>\n<p>Visuals by<strong> LeitMotif VJ Team<\/strong> (Livesplash) &amp; <strong>Trip To Zion VJ&#8217;s<\/strong><br \/>\nLivesplash stage hosted by <strong>Chakka MC<\/strong> &amp; <strong>Popay<\/strong><br \/>\nDubsplash stage powered by <strong>Digitron Sound System<\/strong><br \/>\nBeachsplash stage intros &amp; outros by <strong>AKCrew<\/strong><br \/>\nDaily chill zone powered by <strong>Radio 808<\/strong> &amp; <strong>Seasplash crew DJ&#8217;s<\/strong><br \/>\nInternet vezu osigurava <strong>HT &#8211; Hrvatski telekom<\/strong><\/p>\n<p>10. Seasplash festival otvara svoja vrata u \u010detvrtak 19.07. u 10 sati, festivalski info centar raditi \u0107e svakodnevno od 10-04, a barovi i restorani su otvoreni 24 sata.<br \/>\nS obzirom da je lokacija tvr\u0111ave i poluotoka Punta Christo jedinstvena prirodna, kulturna i povijesna ba\u0161tina koju marljivo i s ponosom \u010duvamo cijele godine, molimo vas da po\u0161tujete njene ljepote i ovim putem upozoravamo posjetitelje da je najstro\u017ee zabranjeno paljenje vatre, bacanje sme\u0107a u prirodu i \u0161aranje po zidovima tvrdjave.<\/p>\n<p>Posebna pogodnost za posjetitelje festivala je besplatni organizirani kamping u sklopu festivalske lokacije, u \u0161umici uz tvr\u0111avu, pet minuta udaljen od pla\u017ee. Svi oni koji su se odlu\u010dili za kampiranje sve \u0161to trebaju napraviti je prijaviti se na festivalskom info pultu i polo\u017eiti depozit za sme\u0107e u iznosu 15 kuna, koji \u0107e se vratiti kad o\u010diste svoj \u017eivotni prostor u kampu i donesu napunjenu vre\u0107u sme\u0107a prije napu\u0161tanja festivalske lokacije.<\/p>\n<p><strong>19.-23.07.2012.<br \/>\nFort Punta Christo, \u0160tinjan, Pula, Croatia <\/strong><\/p>\n<p>10 years of unique summer &#8211; open air &#8211; music &amp; lifestyle festival, presenting the best of regional acts and worldwide guests!<\/p>\n<p>via reggae \/ roots \/ dub \/ rocksteady \/ ska \/ dancehall \/ dubstep \/ hip-hop \/ breakbeat \/ jungle \/ drum&#8217;n&#8217;bass + other bass music &amp; electronic styles<\/p>\n<p>Kako Seasplash festival ulazi u novo desetlje\u0107e s novim idejama i u novom ruhu, sve vas pozivamo na proslavu za koju marljivo radimo da bi tvr\u0111avu pripremili za njeno osvajanje festivalskim povratkom za prvi veliki jubilej \u2013 sukladno s time osmislili smo i popratni interaktivni \u00abgusarski\u00bb program uz brojne sadr\u017eaje, nagradne igre i natjecanja, te svim posjetiteljima sugeriramo gusarski dress code.<\/p>\n<p>Seasplash festival enters the new decade bringing fresh ideas and being redesigned, all are welcome for the celebration we&#8217;ve been hardly working for, preparing the fort for its conquering while the festival returns for 10 years anniversary &#8211; that&#8217;s why we suggest the dress code for festival visitors to be &#8211; in pirates style!<\/p>\n<p><strong>Igre bez granica:<\/strong><br \/>\nPovodom desetogodi\u0161njeg jubileja osim dress code-a, kao dodatnu motivaciju organizirali smo zabavne igre za posjetitelje, koji pritom mogu osvojiti i neke nagrade:<\/p>\n<p><strong>1. Poka\u017ei svoju zastavu<\/strong> &#8211; uz gusarski dress code kao dodatni leitmotiv ovogodi\u0161njeg Seasplasha posjetiteljima predla\u017eemo izradu zastava kao uobi\u010dajenih gusarskih rekvizita. Svoje zastave mo\u017eete razapeti i pokazati na \u0161irem podru\u010dju lokacije sa naglaskom na prostor kampa i va\u0161(e) \u0161ator(e). Zadnjeg dana, u nedjelju, 22.07., festivalska komisija proc\u0107 ce lokacijom ne bi li izabrala najbolju zastavu i nagradila je festivalskim ulaznicama za idu\u0107u godinu.<\/p>\n<p><strong>2. Prona\u0111i skriveno blago<\/strong> &#8211; u toku 4 festivalska dana povodom 10 godina unutar lokacije sakrit \u0107emo isti broj &#8220;skrivenih blaga&#8221; koje \u0107e pronalazitelji mo\u0107i zadr\u017eati u svom vlasni\u0161tvu.<br \/>\nSvima \u017eelimo puno sre\u0107e i jo\u0161 vi\u0161e zabave i veselja!<\/p>","protected":false},"excerpt":{"rendered":"<p>10. Seasplash Lineup \u010cetvrtak\/Thursday, 19.07. Livesplash stage (21-03h): RUTS DC feat. Molara (uk), BAMWISE (hr), GOLEM (hr\/slo), I-TAL JAM BAND (hr) Soundsplash stage (22-06h): DJ MADD (hu\/uk), DJ DIAZ (a), 207 (hr), L JAY (hr) Dubsplash stage (22-06h): SHALAMANDA HI FI (a), BUTCHAA MESSENJAH (srb), ZU_BAM (hr), intro &amp; outro DIGITRON (hr) Electrosplash stage (23-06h): LABOSH (hr), TIKACH &amp; SNAP (hr), DJ NJAX (hr) Beachsplash stage (12-22h): DUBai (hr), SLAVONIJA VIBEZ SYNDICATE (hr), BALDHEAD DREAD (hr), BRADA SELECTA (hr) Petak\/Friday, 20.07. Livesplash stage (21-04h): JOKE (f), PAPRIKA KORPS (pl), BRAIN HOLIDAYS (hr), IRIE FM (srb), CIRKUS (hr) Soundsplash stage (22-06h):&hellip;<\/p>\n","protected":false},"author":1,"featured_media":1225,"parent":309,"menu_order":0,"comment_status":"closed","ping_status":"closed","template":"page-lineup.php","meta":[],"_links":{"self":[{"href":"https:\/\/seasplash-festival.com\/hr\/wp-json\/wp\/v2\/pages\/1224"}],"collection":[{"href":"https:\/\/seasplash-festival.com\/hr\/wp-json\/wp\/v2\/pages"}],"about":[{"href":"https:\/\/seasplash-festival.com\/hr\/wp-json\/wp\/v2\/types\/page"}],"author":[{"embeddable":true,"href":"https:\/\/seasplash-festival.com\/hr\/wp-json\/wp\/v2\/users\/1"}],"replies":[{"embeddable":true,"href":"https:\/\/seasplash-festival.com\/hr\/wp-json\/wp\/v2\/comments?post=1224"}],"version-history":[{"count":0,"href":"https:\/\/seasplash-festival.com\/hr\/wp-json\/wp\/v2\/pages\/1224\/revisions"}],"up":[{"embeddable":true,"href":"https:\/\/seasplash-festival.com\/hr\/wp-json\/wp\/v2\/pages\/309"}],"wp:featuredmedia":[{"embeddable":true,"href":"https:\/\/seasplash-festival.com\/hr\/wp-json\/wp\/v2\/media\/1225"}],"wp:attachment":[{"href":"https:\/\/seasplash-festival.com\/hr\/wp-json\/wp\/v2\/media?parent=1224"}],"curies":[{"name":"wp","href":"https:\/\/api.w.org\/{rel}","templated":true}]}}