{"id":124,"date":"2015-11-06T16:20:13","date_gmt":"2015-11-06T16:20:13","guid":{"rendered":"http:\/\/seasplash-festival.com\/?page_id=124"},"modified":"2020-02-25T21:42:55","modified_gmt":"2020-02-25T21:42:55","slug":"rules","status":"publish","type":"page","link":"https:\/\/seasplash-festival.com\/hr\/festival\/rules\/","title":{"rendered":"Pravila Festivala"},"content":{"rendered":"<p><strong>ULAZ NA FESTIVAL<\/strong><\/p>\n<p><span style=\"font-weight: 400;\">Na ulazu u festival zamijenit \u0107ete svoju ulaznicu za festivalsku narukvicu. Narukvice dobivate u odre\u0111enoj boji, ovisno o tome za kakav festivalski aran\u017eman ste se odlu\u010dili (prvi, drugi, tre\u0107i ili sva tri dana festivala).\u00a0<\/span><span style=\"font-weight: 400;\">Na ulazu tako\u0111er dobijate i narukvicu za besplatan kamp koji je u sklopu festivala.\u00a0 <\/span><span style=\"font-weight: 400;\">Svakog dana na ulazu u festival o\u010dekujte sigurnosnu provjeru narukvica od strane redara, stoga vas molimo da s njima sura\u0111ujete.<\/span><\/p>\n<p>Napomena: Bilo kakvo o\u0161te\u0107enje ili gubitak narukvice zna\u010di gubitak prava boravka na festivalu! Maloljetne osobe mogu prisustvovati Seasplash festivalu isklju\u010divo u pratnji punoljetne osobe.<\/p>\n<p><br class=\"nc\" \/><strong>PRAVILA FESTIVALA<\/strong><\/p>\n<p>Tolerancija i pozitivan stav su ono \u0161to promi\u010demo na Seasplash festivalu, te isto o\u010dekujemo i od na\u0161ih posjetitelja! Agresija, nasilje, homofobija ili bilo kakav oblik diskriminacije nisu dobrodo\u0161li. Na festivalsko podru\u010dje striktno je zabranjeno uno\u0161enje: no\u017eeva, palica, pirotehnike, vatrenog oru\u017eja, staklenih predmeta (staklene boce) i sl.<\/p>\n<p>Tako\u0111er, na\u0161a je du\u017enost upozoriti vas da je posjedovanje, konzumacija ili preprodaja ilegalnih opojnih substanci u Republici Hrvatskoj ka\u017enjiva, te je strogo zabranjena na festivalu. Osobe uhva\u0107ene u tom \u010dinu bit \u0107e zadr\u017eane do dolaska policije.<\/p>\n<p>Za red i mir na festivalu brine se organizirana redarska slu\u017eba, \u010diji \u0107e djelatnici biti vidno obilje\u017eeni i koji imaju pravo udaljiti sa festivala ili sprije\u010diti sami ulazak na isti, osobe za koje procijene da na bilo koji na\u010din kr\u0161e navedeni red.<\/p>\n<p>Po\u0161tujte sebe, druge, festivalsku lokaciju i soundsysteme!<\/p>\n<p>&nbsp;<\/p>\n<p><strong>KAMPIRANJE<\/strong><\/p>\n<p>Svaki posjetitelj s ulaznicom ima pravo na besplatno kampiranje tijekom festivala. Kamp ima odre\u0111eni kapacitet stoga preporu\u010damo da do\u0111ete na vrijeme kako bi zauzeli svoje mjesto. Pri kampiranju du\u017eni ste pratiti uputstva organizacije i redarske slu\u017ebe.\u00a0U kampu je postavljem odre\u0111eni broj kemijskih toaleta te nekoliko tu\u0161eva.\u00a0Pitka voda biti \u0107e osigurana na festivalu na nekoliko mjesta, no preporu\u010damo da si ponesete i osobne koli\u010dine vode koje mislite da \u0107e vam trebati.<\/p>\n<p><br class=\"nc\" \/><strong>VA\u0160I LJUBIMCI<\/strong><\/p>\n<p>Vrlo nam je \u017eao, ali zbog svih dosada\u0161njih neugodnih iskustava ne savjetujemo i u globalu ne dopu\u0161tamo dovo\u0111enje ku\u0107nih ljubimaca na festivalsko podru\u010dje. To je eventualno mogu\u0107e ukoliko je va\u0161 ljubimac konstantno vezan na uzici, \u0161to je jo\u0161 gore nego da ga ostavite doma ili nekom tih dana na \u010duvanje. Hvala na razumijevanju.<\/p>\n<p><br class=\"nc\" \/><strong>EKOLOGIJA<\/strong><\/p>\n<p>Svi posjetitelji pri registraciji u kamp du\u017eni su platiti depozit za svoj otpad od 20 kuna. Nakon pla\u0107anja depozita, posjetitelj dobije vre\u0107e za sme\u0107e, te se o\u010dekuje da dr\u017ei \u010distim svoje mjesto u kampu te da ne ostavlja sme\u0107e za sobom. Depozit se refundira na kraju festivala, kada posjetitelj popunjenu vre\u0107u za sme\u0107e ostavi na za to predvi\u0111enom mjestu. Festival se odr\u017eava u prirodnom okru\u017eenju o kojem organizatori vode ekstremnu brigu, stoga vas molimo da sme\u0107e ne razbacujete okolo ve\u0107 da ga odla\u017eete na za to predvi\u0111ena mjesta.<\/p>\n<p>Napomena: Svako paljenje vatre je najstro\u017ee zabranjeno!<\/p>","protected":false},"excerpt":{"rendered":"<p>ULAZ NA FESTIVAL Na ulazu u festival zamijenit \u0107ete svoju ulaznicu za festivalsku narukvicu. Narukvice dobivate u odre\u0111enoj boji, ovisno o tome za kakav festivalski aran\u017eman ste se odlu\u010dili (prvi, drugi, tre\u0107i ili sva tri dana festivala).\u00a0Na ulazu tako\u0111er dobijate i narukvicu za besplatan kamp koji je u sklopu festivala.\u00a0 Svakog dana na ulazu u festival o\u010dekujte sigurnosnu provjeru narukvica od strane redara, stoga vas molimo da s njima sura\u0111ujete. Napomena: Bilo kakvo o\u0161te\u0107enje ili gubitak narukvice zna\u010di gubitak prava boravka na festivalu! Maloljetne osobe mogu prisustvovati Seasplash festivalu isklju\u010divo u pratnji punoljetne osobe. PRAVILA FESTIVALA Tolerancija i pozitivan stav&hellip;<\/p>\n","protected":false},"author":1,"featured_media":0,"parent":31,"menu_order":0,"comment_status":"closed","ping_status":"closed","template":"page-sidebar.php","meta":[],"_links":{"self":[{"href":"https:\/\/seasplash-festival.com\/hr\/wp-json\/wp\/v2\/pages\/124"}],"collection":[{"href":"https:\/\/seasplash-festival.com\/hr\/wp-json\/wp\/v2\/pages"}],"about":[{"href":"https:\/\/seasplash-festival.com\/hr\/wp-json\/wp\/v2\/types\/page"}],"author":[{"embeddable":true,"href":"https:\/\/seasplash-festival.com\/hr\/wp-json\/wp\/v2\/users\/1"}],"replies":[{"embeddable":true,"href":"https:\/\/seasplash-festival.com\/hr\/wp-json\/wp\/v2\/comments?post=124"}],"version-history":[{"count":10,"href":"https:\/\/seasplash-festival.com\/hr\/wp-json\/wp\/v2\/pages\/124\/revisions"}],"predecessor-version":[{"id":10621,"href":"https:\/\/seasplash-festival.com\/hr\/wp-json\/wp\/v2\/pages\/124\/revisions\/10621"}],"up":[{"embeddable":true,"href":"https:\/\/seasplash-festival.com\/hr\/wp-json\/wp\/v2\/pages\/31"}],"wp:attachment":[{"href":"https:\/\/seasplash-festival.com\/hr\/wp-json\/wp\/v2\/media?parent=124"}],"curies":[{"name":"wp","href":"https:\/\/api.w.org\/{rel}","templated":true}]}}