{"id":129,"date":"2015-11-06T17:04:19","date_gmt":"2015-11-06T17:04:19","guid":{"rendered":"http:\/\/seasplash-festival.com\/?page_id=129"},"modified":"2021-04-22T07:23:06","modified_gmt":"2021-04-22T07:23:06","slug":"accommodation","status":"publish","type":"page","link":"https:\/\/seasplash-festival.com\/hr\/festival\/accommodation\/","title":{"rendered":"Festivalski smje\u0161taj"},"content":{"rendered":"<p><a href=\"http:\/\/seasplash-festival.com\/wp-content\/uploads\/2015\/11\/seasplash_kamp.jpg\"  data-fancybox=\"gallery\" rel=\"group-129\"><img loading=\"lazy\" class=\"alignnone wp-image-130 size-full img-responsive\" src=\"http:\/\/seasplash-festival.com\/wp-content\/uploads\/2015\/11\/seasplash_kamp.jpg\" alt=\"seasplash kamp\" width=\"960\" height=\"638\" srcset=\"https:\/\/seasplash-festival.com\/wp-content\/uploads\/2015\/11\/seasplash_kamp.jpg 960w, https:\/\/seasplash-festival.com\/wp-content\/uploads\/2015\/11\/seasplash_kamp-300x199.jpg 300w, https:\/\/seasplash-festival.com\/wp-content\/uploads\/2015\/11\/seasplash_kamp-130x86.jpg 130w\" sizes=\"(max-width: 960px) 100vw, 960px\" \/><\/a><\/p>\n<p>Kampiranje tijekom festivala besplatno je za osobe sa ulaznicom. Kampirati se mo\u017ee dok nam to kapaciteti omogu\u010davaju, tj. koliko ima mjesta. Organizirano je postavljanje dovoljnog broja kemijskih WC-a, a biti \u0107e montirano i nekoliko tu\u0161eva. Pri kampiranju du\u017eni ste pratiti uputstva organizacije i redarske slu\u017ebe.<\/p>\n<p>Svi posjetitelji pri registraciji u kamp moraju platiti depozit za otpad koji \u0107e biti refundiran ako o\u010diste svoju lokaciju oko \u0161atora te na odlasku ostave popunjenu vre\u0107u sme\u0107a na za to predvi\u0111enom mjestu.<\/p>\n<p><iframe loading=\"lazy\" id=\"stay22-widget\" src=\"https:\/\/www.stay22.com\/embed\/608121c0b59f650017e4b06a\" width=\"100%\" height=\"428\" frameborder=\"0\"><\/iframe><\/p>\n<div><a href=\"https:\/\/www.stay22.com\/embed\/608121c0b59f650017e4b06a\" target=\"_blank\" rel=\"noopener noreferrer\">View Seasplash Festival 2021 hotels and apartments on Stay22<\/a><\/div>\n<div>\n<hr \/>\n<\/div>\n<p><div id='gallery-1' class='gallery galleryid-129 gallery-columns-3 gallery-size-thumbnail'><figure class='gallery-item'>\n\t\t\t<div class='gallery-icon landscape'>\n\t\t\t\t<a data-fancybox=\"gallery\" rel=\"group-129\" href='https:\/\/seasplash-festival.com\/wp-content\/uploads\/2019\/01\/martinska1.jpg'><img width=\"240\" height=\"240\" src=\"https:\/\/seasplash-festival.com\/wp-content\/uploads\/2019\/01\/martinska1-240x240.jpg\" class=\"attachment-thumbnail size-thumbnail\" alt=\"Martinska\" loading=\"lazy\" srcset=\"https:\/\/seasplash-festival.com\/wp-content\/uploads\/2019\/01\/martinska1-240x240.jpg 240w, https:\/\/seasplash-festival.com\/wp-content\/uploads\/2019\/01\/martinska1-500x500.jpg 500w\" sizes=\"(max-width: 240px) 100vw, 240px\" \/><\/a>\n\t\t\t<\/div><\/figure><figure class='gallery-item'>\n\t\t\t<div class='gallery-icon landscape'>\n\t\t\t\t<a data-fancybox=\"gallery\" rel=\"group-129\" href='https:\/\/seasplash-festival.com\/wp-content\/uploads\/2019\/01\/martinska2.jpg'><img width=\"240\" height=\"240\" src=\"https:\/\/seasplash-festival.com\/wp-content\/uploads\/2019\/01\/martinska2-240x240.jpg\" class=\"attachment-thumbnail size-thumbnail\" alt=\"Martinska\" loading=\"lazy\" srcset=\"https:\/\/seasplash-festival.com\/wp-content\/uploads\/2019\/01\/martinska2-240x240.jpg 240w, https:\/\/seasplash-festival.com\/wp-content\/uploads\/2019\/01\/martinska2-500x500.jpg 500w\" sizes=\"(max-width: 240px) 100vw, 240px\" \/><\/a>\n\t\t\t<\/div><\/figure><figure class='gallery-item'>\n\t\t\t<div class='gallery-icon landscape'>\n\t\t\t\t<a data-fancybox=\"gallery\" rel=\"group-129\" href='https:\/\/seasplash-festival.com\/wp-content\/uploads\/2019\/01\/martinska3.jpg'><img width=\"240\" height=\"240\" src=\"https:\/\/seasplash-festival.com\/wp-content\/uploads\/2019\/01\/martinska3-240x240.jpg\" class=\"attachment-thumbnail size-thumbnail\" alt=\"Martinska\" loading=\"lazy\" srcset=\"https:\/\/seasplash-festival.com\/wp-content\/uploads\/2019\/01\/martinska3-240x240.jpg 240w, https:\/\/seasplash-festival.com\/wp-content\/uploads\/2019\/01\/martinska3-500x500.jpg 500w\" sizes=\"(max-width: 240px) 100vw, 240px\" \/><\/a>\n\t\t\t<\/div><\/figure>\n\t\t<\/div>\n<\/p>","protected":false},"excerpt":{"rendered":"<p>Kampiranje tijekom festivala besplatno je za osobe sa ulaznicom. Kampirati se mo\u017ee dok nam to kapaciteti omogu\u010davaju, tj. koliko ima mjesta. Organizirano je postavljanje dovoljnog broja kemijskih WC-a, a biti \u0107e montirano i nekoliko tu\u0161eva. Pri kampiranju du\u017eni ste pratiti uputstva organizacije i redarske slu\u017ebe. Svi posjetitelji pri registraciji u kamp moraju platiti depozit za otpad koji \u0107e biti refundiran ako o\u010diste svoju lokaciju oko \u0161atora te na odlasku ostave popunjenu vre\u0107u sme\u0107a na za to predvi\u0111enom mjestu. View Seasplash Festival 2021 hotels and apartments on Stay22<\/p>\n","protected":false},"author":1,"featured_media":130,"parent":31,"menu_order":0,"comment_status":"closed","ping_status":"closed","template":"page-sidebar.php","meta":[],"_links":{"self":[{"href":"https:\/\/seasplash-festival.com\/hr\/wp-json\/wp\/v2\/pages\/129"}],"collection":[{"href":"https:\/\/seasplash-festival.com\/hr\/wp-json\/wp\/v2\/pages"}],"about":[{"href":"https:\/\/seasplash-festival.com\/hr\/wp-json\/wp\/v2\/types\/page"}],"author":[{"embeddable":true,"href":"https:\/\/seasplash-festival.com\/hr\/wp-json\/wp\/v2\/users\/1"}],"replies":[{"embeddable":true,"href":"https:\/\/seasplash-festival.com\/hr\/wp-json\/wp\/v2\/comments?post=129"}],"version-history":[{"count":13,"href":"https:\/\/seasplash-festival.com\/hr\/wp-json\/wp\/v2\/pages\/129\/revisions"}],"predecessor-version":[{"id":11303,"href":"https:\/\/seasplash-festival.com\/hr\/wp-json\/wp\/v2\/pages\/129\/revisions\/11303"}],"up":[{"embeddable":true,"href":"https:\/\/seasplash-festival.com\/hr\/wp-json\/wp\/v2\/pages\/31"}],"wp:featuredmedia":[{"embeddable":true,"href":"https:\/\/seasplash-festival.com\/hr\/wp-json\/wp\/v2\/media\/130"}],"wp:attachment":[{"href":"https:\/\/seasplash-festival.com\/hr\/wp-json\/wp\/v2\/media?parent=129"}],"curies":[{"name":"wp","href":"https:\/\/api.w.org\/{rel}","templated":true}]}}