{"id":141,"date":"2015-11-06T17:47:17","date_gmt":"2015-11-06T17:47:17","guid":{"rendered":"http:\/\/seasplash-festival.com\/?page_id=141"},"modified":"2023-06-20T11:49:26","modified_gmt":"2023-06-20T11:49:26","slug":"press","status":"publish","type":"page","link":"https:\/\/seasplash-festival.com\/hr\/info\/press\/","title":{"rendered":"Press &#038; Media"},"content":{"rendered":"<p><\/p>\n<h3 class=\"gothic\">Zahtjev za novinarsku akreditaciju<\/h3>\n<p>&nbsp;<\/p>\n<p style=\"text-align: left;\"><strong>Uvjeti akreditiranja<\/strong><\/p>\n<ol>\n<li style=\"text-align: left;\">Podno\u0161enje zahtjeva za novinarsku akreditaciju omogu\u0107eno je svim medijima.<\/li>\n<li style=\"text-align: left;\">Zahtjevi za akreditacije zaprimaju se do ponedjeljka 14. srpnja 2023.<\/li>\n<li style=\"text-align: left;\">Maksimalan broj odobrenih novinarskih akreditacija po mediju ograni\u010den je prema vrsti:\n<ol>\n<li>TV postaje mogu podnijeti maksimalno 3* zahtjeva za novinarske akreditacije.<\/li>\n<li>Radijske postaje mogu podnijeti maksimalno 2* zahtjeva za novinarske akreditacije.<\/li>\n<li>Tiskani mediji mogu podnijeti maksimalno 2* zahtjeva za novinarske akreditacije.<\/li>\n<li>Internetski mediji mogu podnijeti maksimalno 2* zahtjeva za novinarske akreditacije.<\/li>\n<li>Uz dodatni media plan mogu\u0107e je podnijeti ve\u0107i broj zahtjeva za novinarske akreditacije<\/li>\n<\/ol>\n<\/li>\n<li style=\"text-align: left;\">Podno\u0161enje zahtjeva za novinarsku akreditaciju ne garantira odobrenje iste.<\/li>\n<li style=\"text-align: left;\">Novinarska akreditacija vrijedi za sve dane odr\u017eavanja festivala.<\/li>\n<li style=\"text-align: left;\">Novinarska akreditacija nije prenosiva.<\/li>\n<li style=\"text-align: left;\">Zahtjev za akreditaciju podnosi se pojedina\u010dno.<\/li>\n<li style=\"text-align: left;\">Zahtjevu za akreditaciju obvezno je prilo\u017eiti press clipping (vidi: III. Press clipping)<\/li>\n<li style=\"text-align: left;\">Najave festivala (press clipping) koje su objavljene mogu se slati i prije po\u010detka roka akreditiranja na <span id=\"cloak79582\"><a href=\"mailto:pr@seasplash-festival.com\">press@seasplash-festival.com<\/a><\/span><\/li>\n<li style=\"text-align: left;\">Bez ispunjenih gore navedenih uvjeta zahtjevi za novinarske akreditacije ne\u0107e se uzeti u obzir.<\/li>\n<li style=\"text-align: left;\">Odobrene akreditacije za medije uklju\u010duju besplatni kamp uz vlastitu opremu na festivalskoj lokaciji, ali ne pokrivaju putne tro\u0161kove i ostale oblike smje\u0161taja. Mo\u017eete se obratiti na\u0161em PR timu za pomo\u0107 oko informacija o smje\u0161tajnim kapacitetima u \u0160ibeniku i okolici, kao i mogu\u0107nostima transporta do festivalske lokacije.<\/li>\n<li style=\"text-align: left;\">PR tim Seasplash festival Vam je na raspolaganju za sve informacije, press i promotivne materijale, fotografije, glazbu, video i tv materijale za medijsko pra\u0107enje i za potrebe Va\u0161eg medija, kao i za intervjue i gostovanja u Va\u0161em mediju.<\/li>\n<li style=\"text-align: left;\">Ukoliko Va\u0161 medij nije u mogu\u0107nosti poslati fotografa na Seasplash festival, slobodno se mo\u017eete obratiti na\u0161em PR timu za kori\u0161tenje slu\u017ebenih festivalskih fotografija.<\/li>\n<\/ol>\n<p><iframe loading=\"lazy\" src=\"https:\/\/docs.google.com\/forms\/d\/e\/1FAIpQLScE0oIgFOXp3jrYtIyhI-6wACws0EfX_D5jXNU_V93xSdugHw\/viewform?embedded=true\" width=\"100%\" height=\"3478\" frameborder=\"0\" marginwidth=\"0\" marginheight=\"0\">U\u010ditavanje\u2026<\/iframe><\/p>","protected":false},"excerpt":{"rendered":"<p>Zahtjev za novinarsku akreditaciju &nbsp; Uvjeti akreditiranja Podno\u0161enje zahtjeva za novinarsku akreditaciju omogu\u0107eno je svim medijima. Zahtjevi za akreditacije zaprimaju se do ponedjeljka 14. srpnja 2023. Maksimalan broj odobrenih novinarskih akreditacija po mediju ograni\u010den je prema vrsti: TV postaje mogu podnijeti maksimalno 3* zahtjeva za novinarske akreditacije. Radijske postaje mogu podnijeti maksimalno 2* zahtjeva za novinarske akreditacije. Tiskani mediji mogu podnijeti maksimalno 2* zahtjeva za novinarske akreditacije. Internetski mediji mogu podnijeti maksimalno 2* zahtjeva za novinarske akreditacije. Uz dodatni media plan mogu\u0107e je podnijeti ve\u0107i broj zahtjeva za novinarske akreditacije Podno\u0161enje zahtjeva za novinarsku akreditaciju ne garantira odobrenje iste. Novinarska&hellip;<\/p>\n","protected":false},"author":1,"featured_media":0,"parent":136,"menu_order":0,"comment_status":"closed","ping_status":"closed","template":"page-sidebar.php","meta":[],"_links":{"self":[{"href":"https:\/\/seasplash-festival.com\/hr\/wp-json\/wp\/v2\/pages\/141"}],"collection":[{"href":"https:\/\/seasplash-festival.com\/hr\/wp-json\/wp\/v2\/pages"}],"about":[{"href":"https:\/\/seasplash-festival.com\/hr\/wp-json\/wp\/v2\/types\/page"}],"author":[{"embeddable":true,"href":"https:\/\/seasplash-festival.com\/hr\/wp-json\/wp\/v2\/users\/1"}],"replies":[{"embeddable":true,"href":"https:\/\/seasplash-festival.com\/hr\/wp-json\/wp\/v2\/comments?post=141"}],"version-history":[{"count":10,"href":"https:\/\/seasplash-festival.com\/hr\/wp-json\/wp\/v2\/pages\/141\/revisions"}],"predecessor-version":[{"id":12452,"href":"https:\/\/seasplash-festival.com\/hr\/wp-json\/wp\/v2\/pages\/141\/revisions\/12452"}],"up":[{"embeddable":true,"href":"https:\/\/seasplash-festival.com\/hr\/wp-json\/wp\/v2\/pages\/136"}],"wp:attachment":[{"href":"https:\/\/seasplash-festival.com\/hr\/wp-json\/wp\/v2\/media?parent=141"}],"curies":[{"name":"wp","href":"https:\/\/api.w.org\/{rel}","templated":true}]}}