{"id":1715,"date":"2013-02-05T15:18:22","date_gmt":"2013-02-05T15:18:22","guid":{"rendered":"http:\/\/seasplash-festival.com\/?page_id=1715"},"modified":"2016-02-05T18:10:37","modified_gmt":"2016-02-05T18:10:37","slug":"line-up-2013","status":"publish","type":"page","link":"https:\/\/seasplash-festival.com\/hr\/program\/line-up-2013\/","title":{"rendered":"Line Up 2013"},"content":{"rendered":"<p><\/p>\n<div class=\"items-row cols-1 row-0\">\n<div class=\"item column-1\">\n<h2>11. Seasplash Lineup<\/h2>\n<p>&nbsp;<\/p>\n<p><em>\u010cetvrtak, 18.07.2013.<\/em><\/p>\n<p>MainSplash<br \/>\n21:30-22:45 I-Tal Jam<br \/>\n23:00-00:15 Red Five Point Star<br \/>\n00:30-02:00 Zion Train<br \/>\n02:00-04:00 Channel One<\/p>\n<p>ClashSplash<br \/>\n21:00-23:00 Digitron vs Warrior Charge<br \/>\n23:00-00:00 Ital Horns<br \/>\n00:00-02:00 Dub Lab<br \/>\n02:00-04:00 Zmayo<br \/>\n04:00-06:00 Homegrown Sound<\/p>\n<p>ElektroSplash<br \/>\n22:00-00:00 Revolt DJ&#8217;s<br \/>\n00:00-02:00 Jan Becele\/Trip to Zion<br \/>\n02:00-04:00 Balkan Kolektiv<br \/>\n04:00-06:00 L Jay<\/p>\n<p>BeachSplash<br \/>\n14:00-16:00 BarabaDUB Sound Kolektiv<br \/>\n16:00-18:00 Slavonija Vibez Syndicate<br \/>\n18:00-20:00 Praise Jah Sound<br \/>\n20:00-22:00 Baldhead Dread<\/p>\n<p>&nbsp;<\/p>\n<p><em>Petak, 19.07.2013.<\/em><\/p>\n<p>MainSplash<br \/>\n21:00-22:00 Radio Aktiv<br \/>\n22:15-23:30 Inner Terrestrials<br \/>\n23:45-01:15 Adrian Sherwood<br \/>\n01:30-03:00 DubbleStandart feat. Jazzmin Tutum<br \/>\n03:15-04:45 Dubble<\/p>\n<p>ClashSplash<br \/>\n21:00-22:30 Sandokan Hi-Fi<br \/>\n22:30-00:00 Twilight Circus<br \/>\n00:00-02:00 Baga Sound<br \/>\n02:00-06:00 Warrior Charge Sound System<\/p>\n<p>ElektroSplash<br \/>\n22:00-00:00 Agregat \/ Trip to Zion<br \/>\n00:00-02:00 Egoless<br \/>\n02:00-04:00 Said5<br \/>\n04:00-06:00 207<\/p>\n<p>BeachSplash<br \/>\n12:00-14:00 BarabaDUB Sound Kolektiv<br \/>\n14:00-16:00 Brada Selecta<br \/>\n16:00-18:00 Shugaman Selecta<br \/>\n18:00-20:00 Homegrown Sound<br \/>\n20:00-22:00 Trip to Zion<\/p>\n<p>&nbsp;<\/p>\n<p><em>Subota, 20.07. 2013.<\/em><\/p>\n<p>MainSplash<br \/>\n20:30-21:30 Soundcheck Regaz<br \/>\n21:45-23:15 Antenat<br \/>\n23:30-00:30 Jahcoustix<br \/>\n00:45-02:00 Prti Bee Gee<br \/>\n02:00-03:30 Newham Generals<br \/>\n03:30-05:00 Chew The Fat! Croatia<\/p>\n<p>ClashSplash<br \/>\n21:00-22:00 Digitron Sound System<br \/>\n22:00-00:00 Reservoir Dub<br \/>\n00:00-02:00 Gamma Sound<br \/>\n02:00-06:00 Digitron Sound System<\/p>\n<p>ElektroSplash<br \/>\n22:00-00:00 Nortorm<br \/>\n00:00-02:00 Kula<br \/>\n02:00-04:00 Tekitoka<br \/>\n04:00-06:00 Sheco<\/p>\n<p>BeachSplash<br \/>\n12:00-14:00 Farout<br \/>\n14:00-16:00 Dubolik<br \/>\n16:00-20:00 Teddy-Lee &amp; Raul<br \/>\n20:00-22:00 Egoless<\/p>\n<p>&nbsp;<\/p>\n<p><em>Nedjelja, 21.07.2013.<\/em><\/p>\n<p>ClashSplash<br \/>\n21:00-22:30 DJ Venom<br \/>\n22:30-00:00 Mista Savona &amp; MC Jornick<br \/>\n00:00-01:30 Monkey Marc &amp; MC Elf Tranzporter<br \/>\n01:30-03:00 Fogata Sounds<br \/>\n03:00-04:30 Tricky D<br \/>\n04:30-06:00 Digitron vs Warrior Charge<\/p>\n<p>BeachSplash<br \/>\n12:00-14:00 Marmelada<br \/>\n14:00-18:00 gosti iznena\u0111enja<br \/>\n18:00-20:00 Jahstice Sound<br \/>\n20:00-22:00 BarabaDUB Sound Kolektiv<\/p>\n<div class=\"item-separator\"><\/div>\n<\/div>\n<\/div>\n<div class=\"items-row cols-1 row-1\">\n<div class=\"item column-1\">\n<h2>Mainsplash stage<\/h2>\n<p>&nbsp;<\/p>\n<p>\u010cetvrtak, 18.07.2013.<br \/>\nZION TRAIN (UK), CHANNEL ONE SOUND SYSTEM (UK), RED FIVE POINT STAR (Slo), I-TAL JAM (Hr)<\/p>\n<p>Petak, 19.07.2013,<br \/>\nADRIAN SHERWOOD (UK), DUBBLESTANDART (A) feat. Jazzmin Tutum (A\/D), INNER TERRESTRIALS (UK), DUBBLE (Hr), RADIO AKTIV (Hr)<\/p>\n<p>Subota, 20.07.2013.<br \/>\nNEWHAM GENERALS (UK), JAHCOUSTIX (D), PRTI BEE GEE (Srb), ANTENAT (Hr), CHEW THE FAT! Croatia (Hr), SOUNDCHECK REGAZ (Hr)<\/p>\n<p>&nbsp;<\/p>\n<p>Objavljujemo raspored izvo\u0111a\u010da na glavnoj pozornici, a cjelokupni line-up i satnicu objavit \u0107emo u ponedjeljak, 15. srpnja.<\/p>\n<\/div>\n<\/div>\n<p><\/p>","protected":false},"excerpt":{"rendered":"<p>11. Seasplash Lineup &nbsp; \u010cetvrtak, 18.07.2013. MainSplash 21:30-22:45 I-Tal Jam 23:00-00:15 Red Five Point Star 00:30-02:00 Zion Train 02:00-04:00 Channel One ClashSplash 21:00-23:00 Digitron vs Warrior Charge 23:00-00:00 Ital Horns 00:00-02:00 Dub Lab 02:00-04:00 Zmayo 04:00-06:00 Homegrown Sound ElektroSplash 22:00-00:00 Revolt DJ&#8217;s 00:00-02:00 Jan Becele\/Trip to Zion 02:00-04:00 Balkan Kolektiv 04:00-06:00 L Jay BeachSplash 14:00-16:00 BarabaDUB Sound Kolektiv 16:00-18:00 Slavonija Vibez Syndicate 18:00-20:00 Praise Jah Sound 20:00-22:00 Baldhead Dread &nbsp; Petak, 19.07.2013. MainSplash 21:00-22:00 Radio Aktiv 22:15-23:30 Inner Terrestrials 23:45-01:15 Adrian Sherwood 01:30-03:00 DubbleStandart feat. Jazzmin Tutum 03:15-04:45 Dubble ClashSplash 21:00-22:30 Sandokan Hi-Fi 22:30-00:00 Twilight Circus 00:00-02:00 Baga Sound 02:00-06:00&hellip;<\/p>\n","protected":false},"author":1,"featured_media":1716,"parent":309,"menu_order":0,"comment_status":"closed","ping_status":"closed","template":"page-lineup.php","meta":[],"_links":{"self":[{"href":"https:\/\/seasplash-festival.com\/hr\/wp-json\/wp\/v2\/pages\/1715"}],"collection":[{"href":"https:\/\/seasplash-festival.com\/hr\/wp-json\/wp\/v2\/pages"}],"about":[{"href":"https:\/\/seasplash-festival.com\/hr\/wp-json\/wp\/v2\/types\/page"}],"author":[{"embeddable":true,"href":"https:\/\/seasplash-festival.com\/hr\/wp-json\/wp\/v2\/users\/1"}],"replies":[{"embeddable":true,"href":"https:\/\/seasplash-festival.com\/hr\/wp-json\/wp\/v2\/comments?post=1715"}],"version-history":[{"count":0,"href":"https:\/\/seasplash-festival.com\/hr\/wp-json\/wp\/v2\/pages\/1715\/revisions"}],"up":[{"embeddable":true,"href":"https:\/\/seasplash-festival.com\/hr\/wp-json\/wp\/v2\/pages\/309"}],"wp:featuredmedia":[{"embeddable":true,"href":"https:\/\/seasplash-festival.com\/hr\/wp-json\/wp\/v2\/media\/1716"}],"wp:attachment":[{"href":"https:\/\/seasplash-festival.com\/hr\/wp-json\/wp\/v2\/media?parent=1715"}],"curies":[{"name":"wp","href":"https:\/\/api.w.org\/{rel}","templated":true}]}}