{"id":2076,"date":"2016-03-09T14:14:45","date_gmt":"2016-03-09T14:14:45","guid":{"rendered":"http:\/\/seasplash-festival.com\/?page_id=2076"},"modified":"2016-06-13T11:22:08","modified_gmt":"2016-06-13T11:22:08","slug":"workshops","status":"publish","type":"page","link":"https:\/\/seasplash-festival.com\/hr\/festival\/workshops\/","title":{"rendered":"Radionice"},"content":{"rendered":"<p><\/p>\n<h3 class=\"gothic\">Tonska radionica \/ SoundSystem Edition<\/h3>\n<p>Tonska radionica ove \u0107e se godine predstaviti u novom ruhu, ruhu <i>soundsystem<\/i> kulture. \u0160to su to zapravo soundsistemi, kako su evoluirali kroz povijest i gdje su danas u odnosu na suvremene razglasne sisteme? \u0160to su im prednosti, a \u0161to mane? \u0160to je to <i>signal flow<\/i>, kako ga pratiti i podesiti njegove parametre u sistemu? Sve to, a i mnogo vi\u0161e, saznajte uz uzbudljiv obilazak i prezentaciju mo\u0107nih festivalskih soundsistema na tonskoj radionici 14. Seasplash festivala. Voditelj Radionice je Robert Martinovi\u0107 (Bamwise, Digitron Sound).<\/p>\n<p>Dodatne informacije: <a href=\"mailto:audioworkshop@seasplash.net\">audioworkshop@seasplash.net<\/a><br \/>\nRok za prijavu na tonsku radionicu je 10.07., a prijave se vr\u0161e putem <a href=\"https:\/\/docs.google.com\/forms\/d\/1aiTVImtp4UW9fiP4MXMd5oUgEExb8jlHlMGdpiopo2Q\/viewform\" target=\"_blank\">UPITNIKA<\/a>.<\/p>\n<p><img loading=\"lazy\" class=\"alignnone size-full wp-image-2487 img-responsive\" src=\"http:\/\/seasplash-festival.com\/wp-content\/uploads\/2016\/03\/radikalbam-tonska.jpg\" alt=\"radikalbam - tonska\" width=\"720\" height=\"450\" srcset=\"https:\/\/seasplash-festival.com\/wp-content\/uploads\/2016\/03\/radikalbam-tonska.jpg 720w, https:\/\/seasplash-festival.com\/wp-content\/uploads\/2016\/03\/radikalbam-tonska-300x188.jpg 300w, https:\/\/seasplash-festival.com\/wp-content\/uploads\/2016\/03\/radikalbam-tonska-130x81.jpg 130w\" sizes=\"(max-width: 720px) 100vw, 720px\" \/><\/p>\n<h3 class=\"gothic\"><\/h3>\n<h3 class=\"gothic\">Radionica video produkcije<\/h3>\n<p>Drugu godinu zaredom edukacijska platforma VisuaLab\/EduSplash organizira radionicu video produkcije. Kao i pro\u0161le godine, radionicu vodi David Te\u0161i\u0107, diplomirani televizijski producent i dugogodi\u0161nji dokumentarist Seasplash Festivala. Radionica \u0107e se odvijati u dvije faze s ukupnim trajanjem od 21.- 27.07.2016., a inicijalni sastanak voditelja i prijavljenih sudionika \u0107e se odr\u017eati 20.07.2016. (srijeda) u 20h na <a href=\"https:\/\/seasplash-festival.com\/hr\/festival\/location\/\">tvr\u0111avi Punta Christo<\/a> u \u0160tinjanu.<\/p>\n<p>Prva faza radionice odvijati \u0107e se za vrijeme trajanja Seasplash Festivala (21.-24.07.) u kojoj \u0107e polaznici imati prilike nau\u010diti teorijske osnove snimanja, kako se one primjenjuju u praksi te naposljetku snimati materijale za izradu vlastitih videa. Druga faza radionice uklju\u010divati \u0107e monta\u017eu snimljenog materijala za vrijeme festivala i odr\u017eavati \u0107e se od 25.- 27.07.2016. Polaznici \u0107e u drugoj fazi imati priliku nau\u010diti kako se radi video monta\u017ea koriste\u0107i Adobe Premiere program.<\/p>\n<p>U radionici mogu sudjelovati svi posjetitelji festivala, a jedini uvjet za sudjelovanje je posjedovanje vlastite opreme za snimanje (video kamera, digitalni fotoaparat, mobitel\/smartphone, i sl.). Rok za prijavu na radionicu video produkcije je 10.07., a prijave se vr\u0161e putem <a href=\"https:\/\/docs.google.com\/forms\/d\/1sEqoN2voItxpctqgc9f2v_Nae1AUeCYagoh_pFW7Tjs\/viewform\" target=\"_blank\">UPITNIKA<\/a>.<\/p>\n<p><img loading=\"lazy\" class=\"alignnone size-full wp-image-2514 img-responsive\" src=\"http:\/\/seasplash-festival.com\/wp-content\/uploads\/2016\/03\/Video-radionica.jpg\" alt=\"Video radionica\" width=\"842\" height=\"562\" srcset=\"https:\/\/seasplash-festival.com\/wp-content\/uploads\/2016\/03\/Video-radionica.jpg 842w, https:\/\/seasplash-festival.com\/wp-content\/uploads\/2016\/03\/Video-radionica-300x200.jpg 300w, https:\/\/seasplash-festival.com\/wp-content\/uploads\/2016\/03\/Video-radionica-768x513.jpg 768w, https:\/\/seasplash-festival.com\/wp-content\/uploads\/2016\/03\/Video-radionica-130x87.jpg 130w\" sizes=\"(max-width: 842px) 100vw, 842px\" \/><\/p>\n<h3 class=\"gothic\"><\/h3>\n<h3 class=\"gothic\">DJ Radionica by Venom u \u0161ljiviku na 14. Seasplash festivalu<\/h3>\n<p>Seasplash festival i DJ Radionica vas pozivaju da se uklju\u010dite u svijet miksanja gramofonskih plo\u010da. Uklju\u010dite se i nau\u010dite kako beat-matchati iliti &#8220;smiksati&#8221; dvije stvari (npr. Lepa Brena &amp; Roni Size :); \u0161to je scratch i kako se primjenjuje te \u0161to je to beat juggling. \u00a0Razgovarat \u0107emo o programima za miksanje, DJ opremi, medijima (Vinyl, CD, HD, TAPE) i svemu vezanom uz DJ-ing.<\/p>\n<p>Voditelj radionice je samoprozvani kralj paprika\u0161a, turntablist i klubski DJ &#8211; Venom u \u0161ljiviku, dvostruki finalist DMC svjetskog prvenstva i peterostruki prvak Hrvatske. Pod okriljem Pozitivnog Ritma, u Zagrebu vodi DJ Radionicu ve\u0107 10 godina. DJ Radionica \u0107e se nastaviti odr\u017eavati u Plo\u010dniku, novom multimedijalnom prostoru Pozitivnog ritma koji \u0107e uskoro otvoriti svoja vrata u Zagrebu.<\/p>\n<p>Prijave za sudjelovanje i informacije na: <a href=\"mailto:djradionica@pozitivanritam.hr\">djradionica@pozitivanritam.hr<\/a> ; mob.+385 95 5625 868<\/p>\n<div class=\"video-container\"><iframe loading=\"lazy\" width=\"500\" height=\"281\" src=\"https:\/\/www.youtube.com\/embed\/4yYNXKQUvIY?feature=oembed\" frameborder=\"0\" allowfullscreen><\/iframe><\/div>\n<p style=\"text-align: center;\">***<\/p>\n<p>Tonska, video i DJ radionice provode se kroz projekt <a href=\"https:\/\/seasplash-festival.com\/hr\/visualabedusplash-multimedia-platform-for-education-and-development\/\">VisuaLab\/EduSplash<\/a><\/p>\n<h3 class=\"gothic\"><\/h3>\n<h3 class=\"gothic\">Dub Yoga<\/h3>\n<p>Opustite se uz Yoga\u00adu na Seasplash festivalu! Dub Yoga sastoji se od tjelesnih vje\u017ebi, postura ili asana, relaksacije, vje\u017ebi disanja, koncentracije i meditacije. Dio vremena posvetiti \u0107e se vje\u017ebanju u paru i akrobatskoj yogi (acro\u00adyoga). Acro\u00adyoga je zabavan na\u010din vje\u017eabanja yoge u parovima. Jedna osoba \u010dini bazu za vje\u017ebanje, dok druga &#8220;leti&#8221; sama ili uz ne\u010diju pomo\u0107. Za sve navedeno nije potrebno nikakvo predznanje, jedino malo dobre volje.<\/p>\n<p>Idealno je da posjetitelji koji na festivalu \u017eele prakticirati yogu ponesu svoju prostirku za vje\u017ebanje (karimat). Naravno, to nije neophodno i obi\u010dna prostirka za pla\u017eu mo\u017ee poslu\u017eiti.Radionica je besplatna za sve posjetitelje festivala.<\/p>\n<p>Planirano vrijeme odvijanja yoge je od 18.30 do 20.30, na pla\u017ei, u hladu.<br \/>\nDodatne informacije: <a href=\"mailto:marko.antunovic@hotmail.com\">marko.antunovic@hotmail.com<\/a><\/p>\n<p><img loading=\"lazy\" class=\"alignnone size-full wp-image-2531 img-responsive\" src=\"http:\/\/seasplash-festival.com\/wp-content\/uploads\/2016\/03\/DUByoga.jpeg\" alt=\"DUByoga\" width=\"960\" height=\"960\" srcset=\"https:\/\/seasplash-festival.com\/wp-content\/uploads\/2016\/03\/DUByoga.jpeg 960w, https:\/\/seasplash-festival.com\/wp-content\/uploads\/2016\/03\/DUByoga-150x150.jpeg 150w, https:\/\/seasplash-festival.com\/wp-content\/uploads\/2016\/03\/DUByoga-300x300.jpeg 300w, https:\/\/seasplash-festival.com\/wp-content\/uploads\/2016\/03\/DUByoga-768x768.jpeg 768w, https:\/\/seasplash-festival.com\/wp-content\/uploads\/2016\/03\/DUByoga-500x500.jpeg 500w, https:\/\/seasplash-festival.com\/wp-content\/uploads\/2016\/03\/DUByoga-130x130.jpeg 130w\" sizes=\"(max-width: 960px) 100vw, 960px\" \/><\/p>","protected":false},"excerpt":{"rendered":"<p>Tonska radionica \/ SoundSystem Edition Tonska radionica ove \u0107e se godine predstaviti u novom ruhu, ruhu soundsystem kulture. \u0160to su to zapravo soundsistemi, kako su evoluirali kroz povijest i gdje su danas u odnosu na suvremene razglasne sisteme? \u0160to su im prednosti, a \u0161to mane? \u0160to je to signal flow, kako ga pratiti i podesiti njegove parametre u sistemu? Sve to, a i mnogo vi\u0161e, saznajte uz uzbudljiv obilazak i prezentaciju mo\u0107nih festivalskih soundsistema na tonskoj radionici 14. Seasplash festivala. Voditelj Radionice je Robert Martinovi\u0107 (Bamwise, Digitron Sound). Dodatne informacije: audioworkshop@seasplash.net Rok za prijavu na tonsku radionicu je 10.07., a&hellip;<\/p>\n","protected":false},"author":1,"featured_media":0,"parent":31,"menu_order":0,"comment_status":"closed","ping_status":"closed","template":"page-sidebar.php","meta":[],"_links":{"self":[{"href":"https:\/\/seasplash-festival.com\/hr\/wp-json\/wp\/v2\/pages\/2076"}],"collection":[{"href":"https:\/\/seasplash-festival.com\/hr\/wp-json\/wp\/v2\/pages"}],"about":[{"href":"https:\/\/seasplash-festival.com\/hr\/wp-json\/wp\/v2\/types\/page"}],"author":[{"embeddable":true,"href":"https:\/\/seasplash-festival.com\/hr\/wp-json\/wp\/v2\/users\/1"}],"replies":[{"embeddable":true,"href":"https:\/\/seasplash-festival.com\/hr\/wp-json\/wp\/v2\/comments?post=2076"}],"version-history":[{"count":0,"href":"https:\/\/seasplash-festival.com\/hr\/wp-json\/wp\/v2\/pages\/2076\/revisions"}],"up":[{"embeddable":true,"href":"https:\/\/seasplash-festival.com\/hr\/wp-json\/wp\/v2\/pages\/31"}],"wp:attachment":[{"href":"https:\/\/seasplash-festival.com\/hr\/wp-json\/wp\/v2\/media?parent=2076"}],"curies":[{"name":"wp","href":"https:\/\/api.w.org\/{rel}","templated":true}]}}