{"id":2467,"date":"2016-06-10T21:01:04","date_gmt":"2016-06-10T21:01:04","guid":{"rendered":"http:\/\/seasplash-festival.com\/?page_id=2467"},"modified":"2016-06-14T11:35:46","modified_gmt":"2016-06-14T11:35:46","slug":"visualabedusplash-multimedia-platform-for-education-and-development","status":"publish","type":"page","link":"https:\/\/seasplash-festival.com\/hr\/visualabedusplash-multimedia-platform-for-education-and-development\/","title":{"rendered":"VisuaLab\/EduSplash \u2013 Multimedijska platforma za edukaciju i razvoj"},"content":{"rendered":"<p>Multimedijska platforma za edukaciju i razvoj &#8211; VisuaLab \/ EduSplash nudi besplatne edukacijske programe u sklopu kojih polaznici stje\u010du teorijska znanja i prakti\u010dna iskustva u podru\u010dju audio-vizualnih umjetnosti, procesa stvaranja, provedbe, produkcije te naposljetku organizacije i provedbe doga\u0111anja (koncerata, kazali\u0161nih predstava, perfomansa, izlo\u017ebi, festivala i sl.).<\/p>\n<p>Multimedijsku platformu za edukaciju i razvoj &#8211; VisuaLab\/EduSplash \u010dine organizacije nezavisne kulture (Udruga Seasplash, Udruga Sonitus, Armazonex,); umjetni\u010dki studiji (Studio KaPula, Galerija Makina, Studio Partyzan) te tvrtke kojima je glavna djelatnost multimedija i multimedijalni sadr\u017eaji (Pozitivan Ritam d.o.o., Audio Lab d.o.o., Medvid produkcija d.o.o.).<\/p>\n<p>Dugoro\u010dni cilj platforme je stvoriti kvalitetne edukativne modele koji \u0107e kroz teoriju i praksu polaznicima omogu\u0107iti profesionalni razvoj u polju kulturnih te audio-vizualnih djelatnosti.<\/p>\n<p>Edukacijski programi smi\u0161ljeni su s ciljem uklju\u010divanja novih mladih zainteresiranih osoba u rad na realizaciji te organizaciji kulturnih doga\u0111anja ne bi li se na taj na\u010din potaknulo stvaranje nove generacije radnika u podru\u010dju kulture i audio-vizualnih umjetnika.<\/p>\n<h3 class=\"gothic\">Produkcija zvuka<\/h3>\n<p>Program edukacije: zvu\u010dne kutije (aktivni\/ pasivni zvu\u010dnici, struktura, izrada kutija, vrste zvu\u010dnika, skretnice); kablovi, konektori i kabliranje (vrste kabela i namjena, vrste konektora i namjena, izrada, testiranje i ozna\u010davanje kabela, kabliranje); poja\u010dala i skretnice (analogna\/ digitalna \u2013 pasivna\/ aktivna, struktura poja\u010dala i skretnica, performanse poja\u010dala, namjena poja\u010dala i rukovanje, namjena skretnice i rukovanje); mikrofoni (struktura, vrste mikrofona, namjena i rukovanje); audio konzole (osnove zvuka, struktura konzola, osnove ulaznih kontrola, AUX, EQ, CUE, SUB grupe, VCA grupe, Master \u2013 izlazne kontrole, Vu-metar, Peak-metar, phantom power, kabliranje konzole); processing (analogni\/ digitalni signal, dry\/ wet, <i>processing<\/i>, dinami\u010dki procesori: kompresori , multiband kompresori, EQ; zvu\u010dni efekti: <i>Reverb, Delay, Chorus<\/i>; namjena i rukovanje); ozvu\u010denje (mala i velika ozvu\u010denja, <i>monitoring<\/i>, <i>mix<\/i> pult \u2013 F.O.H., komponente sustava, poja\u010dala, <i>multicore<\/i>, audio konzola, <i>processing<\/i>, postavke razglasa, rad sa razli\u010ditim razglasima te tonskim pultovima, akustika prostora, instrumenti i njihov frekvencijski spektar, kreiranje mape prostora: pozornica, ozvu\u010denje, publika, komunikacija sa ostalim sudionicima u organizaciji koncertnih doga\u0111anja). Kroz ovaj edukacijski program polaznici imaju priliku upoznati produkciju zvuka u\u017eivo te studijsku produkciju zvuka.<\/p>\n<p>Predava\u010di: Damir Babojeli\u0107, Marko Bolkovi\u0107, Dean Pavleti\u0107, Marijan Jeleni\u0107 te gosti predava\u010di \u2013 stru\u010dnjaci u polju industrije zvuka<\/p>\n<h3 class=\"gothic\">Radionica scenske rasvjete<\/h3>\n<p>Program edukacije: Vrste scenskih projekata (kazali\u0161te, TV i film, glazbena doga\u0111anja, performansi) i scenskih prostora (osnovni odnosi u scenskom prostoru: publika &lt;-&gt; izvo\u0111a\u010d), fizi\u010dke i estetske karakteristike svjetla, klasifikacija svjetla, tehnologija rasvjetne opreme, priprema rasvjete (gradnja pozornice i rasvjetne konstrukcije, monta\u017ea rasvjete, fokusiranje i programiranje svjetla, generalna proba, korekcije), boja u svjetlu i svjetlosnog izvora, uloga svjetla u realizaciji scenskih projekata, fokusiranje i promjene svjetlom, osnovni odnosi svjetla i materijala, tehnike postavljanja scenskog svjetla, elementi dramaturgije svjetla, itd.<\/p>\n<p>Predava\u010di: Dario Dru\u017eeta i Marko Bolkovi\u0107<\/p>\n<h3 class=\"gothic\">Ableton Lab<\/h3>\n<p>Edukacijski program kroz koji se polaznike uvodi u osnovne tehnike rada u glazbenom programu\/<i>software<\/i>-u Ableton pomo\u0107u kojeg se mo\u017ee snimati, komponirati i izvoditi glazbu na jedan poseban samo ovom programu karakteristi\u010dan na\u010din. Za ovaj program stru\u010dnjaci ka\u017eu kako intuiciju i slu\u010dajnost pretvara u glazbu. Kroz ovaj edukacijski program polaznici imaju prilike, ovisno o interesima, razvijati se u dva mogu\u0107a pravca: Ableton Electronic Producer (E.P.) i Ableton Free Style Producer (F.S.P).<\/p>\n<p>Predava\u010d: Marko Grbac Knapi\u0107<\/p>\n<h3 class=\"gothic\">Produkcija i organizacija kulturnih doga\u0111anja<\/h3>\n<p>Organiziranje festivala i\/ili kulturnog doga\u0111anja obuhva\u0107a planiranje, upravljanje, usmjeravanje resursa i djelovanje skupine ljudi prema odre\u0111enom cilju. Skup teorijskih predavanja na temu organizacije doga\u0111anja podrazumijeva upoznavanje polaznika s osnovnim pojmovima <i>event management<\/i>-a odnosno organizacije doga\u0111anja te nizom drugih preduvjeta i koraka koji moraju biti zadovoljeni kako bi doga\u0111anje bilo uspje\u0161no realiziran. Kroz ovu edukaciju polaznici imaju prilike raditi s doma\u0107im i stranim predava\u010dima s dugogodi\u0161njim iskustvom u polju <i>event management<\/i>-a. Program edukacije odnosi se na definiranje osnovnih pojmova i elemenata procesa organizacije doga\u0111anja: planiranje i upravljanje, projektni menad\u017ement, financije, produkcija te marketing i promocija.<\/p>\n<h3 class=\"gothic\">Edukacija o VJ-ingu i mapping-u<\/h3>\n<p>Program: uvod u VJ-ing, rad u Resolume programu, napredne funkcije u Resolume Arena, osnove rada u After Effects i Cinema 4D.<\/p>\n<h3 class=\"gothic\">Edukacija snimanja kamerom i monta\u017ee<\/h3>\n<p>Program: Osnove kamere \/ O kameri, rukovanje kamerom, osnove snimanja, tehnike snimanja, terenski rad; Monta\u017ea \/ Teorija i povijest monta\u017ee, monta\u017eni postupci, proces monta\u017ee, organizacija rada i projekta, upoznavanje sa ra\u010dunalom i programom za monta\u017eu, precizno rezanje (cutting) video materijala, dodavanje tranzicija, efekata, grafi\u010dkih elemenata te izrada titlova, dodavanje glazbe i ure\u0111ivanje zvu\u010dnih zapisa, eksportiranje gotovog video uratka, itd.<\/p>\n<p>Predava\u010di: Kristijan Burlovi\u0107 (kamera) i Ivan \u0160tifani\u0107 ( monta\u017ea)\/ Medvid d.o.o.<b>;<\/b><\/p>\n<p>David Te\u0161i\u0107 DMT (video produkcija (prakti\u010dni dio)<\/p>\n<h3 class=\"gothic\">Edukacija o osnovama fotografije<\/h3>\n<p>Program: fotografija (osnove, svjetlo, boje, analogna i digitalna fotografija), povijest fotografije, fotoaparat (vrste, SLR i DSLR, dijelovi fotoaparata), rukovanje fotoaparatom, izra\u017eajna sredstva fotografije, tehnike snimanja, itd.<\/p>\n<p>Predava\u010di: Hassan Abdelghani i Daniel Kir\u0161i\u0107<\/p>\n<p>&nbsp;<\/p>\n<div class=\"video-container\"><iframe loading=\"lazy\" width=\"500\" height=\"281\" src=\"https:\/\/www.youtube.com\/embed\/yGhsYt1TFgA?feature=oembed\" frameborder=\"0\" allowfullscreen><\/iframe><\/div>\n<p>&nbsp;<\/p>\n<p style=\"text-align: center;\"><a class=\"btn btn-md btn-default\" href=\"http:\/\/seasplash-festival.com\/edusplash\/\" target=\"_self\">VisuaLab\/EduSplash<\/a><\/p>\n<p><\/p>","protected":false},"excerpt":{"rendered":"<p>Multimedijska platforma za edukaciju i razvoj &#8211; VisuaLab \/ EduSplash nudi besplatne edukacijske programe u sklopu kojih polaznici stje\u010du teorijska znanja i prakti\u010dna iskustva u podru\u010dju audio-vizualnih umjetnosti, procesa stvaranja, provedbe, produkcije te naposljetku organizacije i provedbe doga\u0111anja (koncerata, kazali\u0161nih predstava, perfomansa, izlo\u017ebi, festivala i sl.). Multimedijsku platformu za edukaciju i razvoj &#8211; VisuaLab\/EduSplash \u010dine organizacije nezavisne kulture (Udruga Seasplash, Udruga Sonitus, Armazonex,); umjetni\u010dki studiji (Studio KaPula, Galerija Makina, Studio Partyzan) te tvrtke kojima je glavna djelatnost multimedija i multimedijalni sadr\u017eaji (Pozitivan Ritam d.o.o., Audio Lab d.o.o., Medvid produkcija d.o.o.). Dugoro\u010dni cilj platforme je stvoriti kvalitetne edukativne modele koji \u0107e&hellip;<\/p>\n","protected":false},"author":1,"featured_media":0,"parent":0,"menu_order":0,"comment_status":"closed","ping_status":"closed","template":"page-edusplash.php","meta":[],"_links":{"self":[{"href":"https:\/\/seasplash-festival.com\/hr\/wp-json\/wp\/v2\/pages\/2467"}],"collection":[{"href":"https:\/\/seasplash-festival.com\/hr\/wp-json\/wp\/v2\/pages"}],"about":[{"href":"https:\/\/seasplash-festival.com\/hr\/wp-json\/wp\/v2\/types\/page"}],"author":[{"embeddable":true,"href":"https:\/\/seasplash-festival.com\/hr\/wp-json\/wp\/v2\/users\/1"}],"replies":[{"embeddable":true,"href":"https:\/\/seasplash-festival.com\/hr\/wp-json\/wp\/v2\/comments?post=2467"}],"version-history":[{"count":0,"href":"https:\/\/seasplash-festival.com\/hr\/wp-json\/wp\/v2\/pages\/2467\/revisions"}],"wp:attachment":[{"href":"https:\/\/seasplash-festival.com\/hr\/wp-json\/wp\/v2\/media?parent=2467"}],"curies":[{"name":"wp","href":"https:\/\/api.w.org\/{rel}","templated":true}]}}