{"id":2572,"date":"2016-06-16T13:51:15","date_gmt":"2016-06-16T13:51:15","guid":{"rendered":"http:\/\/seasplash-festival.com\/?page_id=2572"},"modified":"2021-05-13T10:22:12","modified_gmt":"2021-05-13T10:22:12","slug":"stands","status":"publish","type":"page","link":"https:\/\/seasplash-festival.com\/hr\/info\/stands\/","title":{"rendered":"Info o \u0161tandovima"},"content":{"rendered":"<p><img loading=\"lazy\" class=\"alignnone size-full wp-image-9756 img-responsive\" src=\"http:\/\/seasplash-festival.com\/wp-content\/uploads\/2019\/05\/Kolaz-Standovi-2019.jpg\" alt=\"\u0160tandovi\" width=\"1280\" height=\"841\" srcset=\"https:\/\/seasplash-festival.com\/wp-content\/uploads\/2019\/05\/Kolaz-Standovi-2019.jpg 1280w, https:\/\/seasplash-festival.com\/wp-content\/uploads\/2019\/05\/Kolaz-Standovi-2019-300x197.jpg 300w, https:\/\/seasplash-festival.com\/wp-content\/uploads\/2019\/05\/Kolaz-Standovi-2019-768x505.jpg 768w, https:\/\/seasplash-festival.com\/wp-content\/uploads\/2019\/05\/Kolaz-Standovi-2019-1024x673.jpg 1024w, https:\/\/seasplash-festival.com\/wp-content\/uploads\/2019\/05\/Kolaz-Standovi-2019-130x85.jpg 130w\" sizes=\"(max-width: 1280px) 100vw, 1280px\" \/><\/p>\n<p>Seasplash festival poziva sve kreativce, umjetnike i entuzijaste poduzetnog duha koji izra\u0111uju rukotvorine, odje\u0107u, nakit, ukrase, suvenire, bed\u017eeve, krpice, plo\u010de ili ne\u0161to jo\u0161 kreativnije, da uz ples i pozitivne vibracije osiguraju prostor za svoj prezentacijski \u0161tand i ponude posjetiteljima jedinstveni festivalski suvenir kao vje\u010dnu uspomenu na nezaboravan provod.<\/p>\n<p>Saznaj vi\u0161e na:\u00a0<a href=\"mailto:stands@seasplash.net\">stands@seasplash.net<\/a><\/p>\n<p><div role=\"form\" class=\"wpcf7\" id=\"wpcf7-f2577-o1\" lang=\"hr-HR\" dir=\"ltr\">\n<div class=\"screen-reader-response\"><p role=\"status\" aria-live=\"polite\" aria-atomic=\"true\"><\/p> <ul><\/ul><\/div>\n<form action=\"\/hr\/wp-json\/wp\/v2\/pages\/2572#wpcf7-f2577-o1\" method=\"post\" class=\"wpcf7-form init\" novalidate=\"novalidate\" data-status=\"init\">\n<div style=\"display: none;\">\n<input type=\"hidden\" name=\"_wpcf7\" value=\"2577\" \/>\n<input type=\"hidden\" name=\"_wpcf7_version\" value=\"5.6.4\" \/>\n<input type=\"hidden\" name=\"_wpcf7_locale\" value=\"hr_HR\" \/>\n<input type=\"hidden\" name=\"_wpcf7_unit_tag\" value=\"wpcf7-f2577-o1\" \/>\n<input type=\"hidden\" name=\"_wpcf7_container_post\" value=\"0\" \/>\n<input type=\"hidden\" name=\"_wpcf7_posted_data_hash\" value=\"\" \/>\n<\/div>\n<p>Ime i prezime podnositelja zahtjeva (obvezno polje)<br \/>\n    <span class=\"wpcf7-form-control-wrap\" data-name=\"your-name\"><input type=\"text\" name=\"your-name\" value=\"\" size=\"40\" class=\"wpcf7-form-control wpcf7-text wpcf7-validates-as-required\" aria-required=\"true\" aria-invalid=\"false\" \/><\/span> <\/p>\n<p>Kontakt e-mail adresa (obvezno polje)<br \/>\n    <span class=\"wpcf7-form-control-wrap\" data-name=\"your-email\"><input type=\"email\" name=\"your-email\" value=\"\" size=\"40\" class=\"wpcf7-form-control wpcf7-text wpcf7-email wpcf7-validates-as-required wpcf7-validates-as-email\" aria-required=\"true\" aria-invalid=\"false\" \/><\/span> <\/p>\n<p>Opis prodajne robe (obvezno polje)<br \/>\n    <span class=\"wpcf7-form-control-wrap\" data-name=\"your-subject\"><input type=\"text\" name=\"your-subject\" value=\"\" size=\"40\" class=\"wpcf7-form-control wpcf7-text wpcf7-validates-as-required\" aria-required=\"true\" aria-invalid=\"false\" \/><\/span> <\/p>\n<p>Posebna napomena<br \/>\n    <span class=\"wpcf7-form-control-wrap\" data-name=\"your-message\"><textarea name=\"your-message\" cols=\"40\" rows=\"10\" class=\"wpcf7-form-control wpcf7-textarea\" aria-invalid=\"false\"><\/textarea><\/span> <\/p>\n<p><input type=\"submit\" value=\"Po\u0161alji\" class=\"wpcf7-form-control has-spinner wpcf7-submit\" \/><\/p>\n<div class=\"wpcf7-response-output\" aria-hidden=\"true\"><\/div><\/form><\/div><\/p>","protected":false},"excerpt":{"rendered":"<p>Seasplash festival poziva sve kreativce, umjetnike i entuzijaste poduzetnog duha koji izra\u0111uju rukotvorine, odje\u0107u, nakit, ukrase, suvenire, bed\u017eeve, krpice, plo\u010de ili ne\u0161to jo\u0161 kreativnije, da uz ples i pozitivne vibracije osiguraju prostor za svoj prezentacijski \u0161tand i ponude posjetiteljima jedinstveni festivalski suvenir kao vje\u010dnu uspomenu na nezaboravan provod. Saznaj vi\u0161e na:\u00a0stands@seasplash.net<\/p>\n","protected":false},"author":1,"featured_media":9756,"parent":136,"menu_order":0,"comment_status":"closed","ping_status":"closed","template":"page-sidebar.php","meta":[],"_links":{"self":[{"href":"https:\/\/seasplash-festival.com\/hr\/wp-json\/wp\/v2\/pages\/2572"}],"collection":[{"href":"https:\/\/seasplash-festival.com\/hr\/wp-json\/wp\/v2\/pages"}],"about":[{"href":"https:\/\/seasplash-festival.com\/hr\/wp-json\/wp\/v2\/types\/page"}],"author":[{"embeddable":true,"href":"https:\/\/seasplash-festival.com\/hr\/wp-json\/wp\/v2\/users\/1"}],"replies":[{"embeddable":true,"href":"https:\/\/seasplash-festival.com\/hr\/wp-json\/wp\/v2\/comments?post=2572"}],"version-history":[{"count":6,"href":"https:\/\/seasplash-festival.com\/hr\/wp-json\/wp\/v2\/pages\/2572\/revisions"}],"predecessor-version":[{"id":11347,"href":"https:\/\/seasplash-festival.com\/hr\/wp-json\/wp\/v2\/pages\/2572\/revisions\/11347"}],"up":[{"embeddable":true,"href":"https:\/\/seasplash-festival.com\/hr\/wp-json\/wp\/v2\/pages\/136"}],"wp:featuredmedia":[{"embeddable":true,"href":"https:\/\/seasplash-festival.com\/hr\/wp-json\/wp\/v2\/media\/9756"}],"wp:attachment":[{"href":"https:\/\/seasplash-festival.com\/hr\/wp-json\/wp\/v2\/media?parent=2572"}],"curies":[{"name":"wp","href":"https:\/\/api.w.org\/{rel}","templated":true}]}}