{"id":29,"date":"2015-11-04T17:08:31","date_gmt":"2015-11-04T17:08:31","guid":{"rendered":"http:\/\/seasplash-festival.com\/?page_id=29"},"modified":"2020-02-26T09:21:11","modified_gmt":"2020-02-26T09:21:11","slug":"location","status":"publish","type":"page","link":"https:\/\/seasplash-festival.com\/hr\/festival\/location\/","title":{"rendered":"Lokacija"},"content":{"rendered":"<p><\/p>\n<h2 class=\"gothic\">Martinska, \u0160ibenik, Hrvatska<\/h2>\n<p>Seasplash se u svom 18. izdanju, ovo ljeto, ve\u0107 drugu godinu za redom, odr\u017eava na rtu Martinska, to\u010dnije prostoru nekada\u0161njeg autokampa Martinska. Smje\u0161tena direktno preko puta grada \u0160ibenika, na jedinstvenom srimskom poluotoku i na samom ulazu u \u0161ibensku luku, Martinska je pro\u0161lo ljeto okrenula novu stranicu povijesti festivala, a i ovo ljeto \u0107emo u\u017eivati u gustoj borovoj \u0161umi tik uz more.<\/p>\n<hr \/>\n<p><strong>O Martinskoj:<\/strong><\/p>\n<p>Martinska je svoje ime, dobila negdje u 15. stolje\u0107a kada je uz najva\u017enije pristani\u0161te \u0161ibenskih te\u017eaka na sjeveroisto\u010dnoj obali srimskog poluotoka podignuta crkva posve\u0107ena svetom Martinu, nebeskom za\u0161titniku vinogradara i vinara \u0161to su \u0161ibenski te\u017eaci oduvijek i bili. Plovidba preko \u0160ibenske luke do Martinska, kako bi se obra\u0111ivali vinogradi, maslinici i polja na Srimi, bila je stolje\u0107ima dio \u0161ibenske svakodnevice, a ni trajektna linija nije neka suvremena novost.<\/p>\n<p>Nakon izgradnje pristani\u0161ta Martinska je bila najva\u017eniji prometni punkt \u0160ibenika sve do 27. srpnja 1966. godine kada je otvoren most preko \u0160ibenskog zaljeva na Jadranskoj magistrali \u010diju je gradnju poduzela biv\u0161a socijalisti\u010dka Jugoslavija nedugo nakon Drugog svjetskog rata. \u0160ibenski most bio je, a i danas je, jedna od najzna\u010dajnijih mostova u svijetu. Bio je to prvi most koji je u cijelosti izgra\u0111en konzolnim postupkom bez skela oslonjenih na tlo.<\/p>\n<p>Ipak Martinska je i dalje \u0160iben\u010danima bila jako va\u017ena, ali kao kupali\u0161te i izleti\u0161te. Ona, osim toga, \u010duva i spomen na povijesne po\u010detke turizma u \u0160ibeniku. Bila je glavno \u0161ibensko kupali\u0161te godinama prije izgradnje kupali\u0161ta na Jadriji. Do Martinske se na kupanje i\u0161lo &#8220;skelom&#8221; ili vlastitim plovilima, a postojali su i \u0161ibenski barkarijoli koji su na vesla prevozili kupa\u010de do Martinske i nazad.<\/p>\n<p>Nekoliko godina unazad po\u010dinje se pisati nova povijest Martinske, a Seasplash festival joj se ponosno priklju\u010duje.<\/p>\n<p><img loading=\"lazy\" class=\"alignnone size-full wp-image-10624 img-responsive\" src=\"http:\/\/seasplash-festival.com\/wp-content\/uploads\/2020\/02\/festival-lokacija.jpg\" alt=\"\" width=\"3500\" height=\"2333\" srcset=\"https:\/\/seasplash-festival.com\/wp-content\/uploads\/2020\/02\/festival-lokacija.jpg 3500w, https:\/\/seasplash-festival.com\/wp-content\/uploads\/2020\/02\/festival-lokacija-300x200.jpg 300w, https:\/\/seasplash-festival.com\/wp-content\/uploads\/2020\/02\/festival-lokacija-768x512.jpg 768w, https:\/\/seasplash-festival.com\/wp-content\/uploads\/2020\/02\/festival-lokacija-1024x683.jpg 1024w, https:\/\/seasplash-festival.com\/wp-content\/uploads\/2020\/02\/festival-lokacija-130x87.jpg 130w\" sizes=\"(max-width: 3500px) 100vw, 3500px\" \/><\/p>\n<p>(Izvor <a href=\"http:\/\/mok.hr\/kultura-i-zabava\/itemlist\/user\/357-sibeniknews\" target=\"_blank\" rel=\"noopener\">\u0160ibenik News<\/a>)<\/p>\n<p><br class=\"nc\" \/><strong>O \u0160ibeniku:<\/strong><\/p>\n<p>\u0160ibenik je najstariji samorodni hrvatski grad na jadranskoj obali i pravi biser Jadrana. Sa svojim povijesnim tvr\u0111avama i katedralom pod za\u0161titom UNESCO-a, savr\u0161eno je turisti\u010dko odredi\u0161te. Smje\u0161ten u srednjoj Dalmaciji, u blizini su dva nacionalna parka; Krka i Kornati. Njegova povijest i prekrasna priroda, zajedno s ljetnim glazbenim festivalima i gastronomskim doga\u0111anjima \u010dine holisti\u010dko kulturno i hedonisti\u010dko iskustvo Mediterana.<\/p>\n<div class=\"video-container\"><iframe loading=\"lazy\" width=\"500\" height=\"281\" src=\"https:\/\/www.youtube.com\/embed\/ibEeKI7J7Tc?feature=oembed\" frameborder=\"0\" allow=\"accelerometer; autoplay; encrypted-media; gyroscope; picture-in-picture\" allowfullscreen><\/iframe><\/div>\n<p>&nbsp;<\/p>\n<p><strong>NE PROPUSTITE DOK STE U \u0160IBENIKU:<\/strong><\/p>\n<ul>\n<li>razgledati dva mjesta s popisa spomeni\u010dke ba\u0161tine UNESCO-a, katedralu sv. Jakova i tvr\u0111avu sv. Nikole<\/li>\n<li>posjetiti neke od mnogih izvrsnih festivala i ljetnu pozornicu tvr\u0111ave sv. Mihovila<\/li>\n<li>posjetiti Nacionali park Krka koji obuhva\u0107a podru\u010dje uz rijeku Krku koja te\u010de dubokim i \u017eivopisnim kanjonom dugim vi\u0161e od 75 km te tvori bu\u010dne slapove<\/li>\n<li>posjetiti Nacionalni park Kornati koji zauzima povr\u0161inu od oko 220 km2 i uklju\u010duje ukupno 89 otoka, oto\u010di\u0107a i grebena, s pribli\u017eno 238 km obalne linije<\/li>\n<li>jedriti kanalom sv. Ante, jednim od najljep\u0161ih dijelova Jadrana<\/li>\n<li>\u0161etnja ili vo\u017enja biciklom \u0161etnicom sv. Ante<\/li>\n<li>u\u017eivati u ljetnim radostima na pla\u017ei Banj s jedinstvenim pogledom na staru gradsku jezgru<\/li>\n<li>posjetiti manja primorska mjesta poput Vodica, Jadrije, Primo\u0161tena, Pirovca i Tribunja.<\/li>\n<li>istra\u017eiti lokacije snimanja serije \u00a8Igra prijestolja\u00a8<\/li>\n<li>do\u0111ite na Seasplash festival<\/li>\n<\/ul>\n<div id='gallery-1' class='gallery galleryid-29 gallery-columns-3 gallery-size-thumbnail'><figure class='gallery-item'>\n\t\t\t<div class='gallery-icon landscape'>\n\t\t\t\t<a data-fancybox=\"gallery\" rel=\"group-29\" href='https:\/\/seasplash-festival.com\/wp-content\/uploads\/2019\/02\/banj-06.jpg'><img width=\"240\" height=\"240\" src=\"https:\/\/seasplash-festival.com\/wp-content\/uploads\/2019\/02\/banj-06-240x240.jpg\" class=\"attachment-thumbnail size-thumbnail\" alt=\"Banj\" loading=\"lazy\" srcset=\"https:\/\/seasplash-festival.com\/wp-content\/uploads\/2019\/02\/banj-06-240x240.jpg 240w, https:\/\/seasplash-festival.com\/wp-content\/uploads\/2019\/02\/banj-06-500x500.jpg 500w\" sizes=\"(max-width: 240px) 100vw, 240px\" \/><\/a>\n\t\t\t<\/div><\/figure><figure class='gallery-item'>\n\t\t\t<div class='gallery-icon landscape'>\n\t\t\t\t<a data-fancybox=\"gallery\" rel=\"group-29\" href='https:\/\/seasplash-festival.com\/wp-content\/uploads\/2019\/02\/sibenik-01.jpg'><img width=\"240\" height=\"240\" src=\"https:\/\/seasplash-festival.com\/wp-content\/uploads\/2019\/02\/sibenik-01-240x240.jpg\" class=\"attachment-thumbnail size-thumbnail\" alt=\"\u0160ibenik 1\" loading=\"lazy\" srcset=\"https:\/\/seasplash-festival.com\/wp-content\/uploads\/2019\/02\/sibenik-01-240x240.jpg 240w, https:\/\/seasplash-festival.com\/wp-content\/uploads\/2019\/02\/sibenik-01-500x500.jpg 500w\" sizes=\"(max-width: 240px) 100vw, 240px\" \/><\/a>\n\t\t\t<\/div><\/figure><figure class='gallery-item'>\n\t\t\t<div class='gallery-icon landscape'>\n\t\t\t\t<a data-fancybox=\"gallery\" rel=\"group-29\" href='https:\/\/seasplash-festival.com\/wp-content\/uploads\/2019\/02\/sibenik-03.jpg'><img width=\"240\" height=\"240\" src=\"https:\/\/seasplash-festival.com\/wp-content\/uploads\/2019\/02\/sibenik-03-240x240.jpg\" class=\"attachment-thumbnail size-thumbnail\" alt=\"\u0160ibenik 3\" loading=\"lazy\" srcset=\"https:\/\/seasplash-festival.com\/wp-content\/uploads\/2019\/02\/sibenik-03-240x240.jpg 240w, https:\/\/seasplash-festival.com\/wp-content\/uploads\/2019\/02\/sibenik-03-500x500.jpg 500w\" sizes=\"(max-width: 240px) 100vw, 240px\" \/><\/a>\n\t\t\t<\/div><\/figure><figure class='gallery-item'>\n\t\t\t<div class='gallery-icon landscape'>\n\t\t\t\t<a data-fancybox=\"gallery\" rel=\"group-29\" href='https:\/\/seasplash-festival.com\/wp-content\/uploads\/2019\/02\/sibenik-kanal-svAnte-07.jpg'><img width=\"240\" height=\"240\" src=\"https:\/\/seasplash-festival.com\/wp-content\/uploads\/2019\/02\/sibenik-kanal-svAnte-07-240x240.jpg\" class=\"attachment-thumbnail size-thumbnail\" alt=\"\u0160ibenik 7\" loading=\"lazy\" srcset=\"https:\/\/seasplash-festival.com\/wp-content\/uploads\/2019\/02\/sibenik-kanal-svAnte-07-240x240.jpg 240w, https:\/\/seasplash-festival.com\/wp-content\/uploads\/2019\/02\/sibenik-kanal-svAnte-07-500x500.jpg 500w\" sizes=\"(max-width: 240px) 100vw, 240px\" \/><\/a>\n\t\t\t<\/div><\/figure><figure class='gallery-item'>\n\t\t\t<div class='gallery-icon landscape'>\n\t\t\t\t<a data-fancybox=\"gallery\" rel=\"group-29\" href='https:\/\/seasplash-festival.com\/wp-content\/uploads\/2019\/02\/kornati-09.jpg'><img width=\"240\" height=\"240\" src=\"https:\/\/seasplash-festival.com\/wp-content\/uploads\/2019\/02\/kornati-09-240x240.jpg\" class=\"attachment-thumbnail size-thumbnail\" alt=\"Kornati\" loading=\"lazy\" srcset=\"https:\/\/seasplash-festival.com\/wp-content\/uploads\/2019\/02\/kornati-09-240x240.jpg 240w, https:\/\/seasplash-festival.com\/wp-content\/uploads\/2019\/02\/kornati-09-500x500.jpg 500w\" sizes=\"(max-width: 240px) 100vw, 240px\" \/><\/a>\n\t\t\t<\/div><\/figure><figure class='gallery-item'>\n\t\t\t<div class='gallery-icon landscape'>\n\t\t\t\t<a data-fancybox=\"gallery\" rel=\"group-29\" href='https:\/\/seasplash-festival.com\/wp-content\/uploads\/2019\/02\/krka-08.jpg'><img width=\"240\" height=\"240\" src=\"https:\/\/seasplash-festival.com\/wp-content\/uploads\/2019\/02\/krka-08-240x240.jpg\" class=\"attachment-thumbnail size-thumbnail\" alt=\"Krka\" loading=\"lazy\" srcset=\"https:\/\/seasplash-festival.com\/wp-content\/uploads\/2019\/02\/krka-08-240x240.jpg 240w, https:\/\/seasplash-festival.com\/wp-content\/uploads\/2019\/02\/krka-08-500x500.jpg 500w\" sizes=\"(max-width: 240px) 100vw, 240px\" \/><\/a>\n\t\t\t<\/div><\/figure><figure class='gallery-item'>\n\t\t\t<div class='gallery-icon landscape'>\n\t\t\t\t<a data-fancybox=\"gallery\" rel=\"group-29\" href='https:\/\/seasplash-festival.com\/wp-content\/uploads\/2019\/02\/tvrdava-sv-mihovil-05.jpg'><img width=\"240\" height=\"240\" src=\"https:\/\/seasplash-festival.com\/wp-content\/uploads\/2019\/02\/tvrdava-sv-mihovil-05-240x240.jpg\" class=\"attachment-thumbnail size-thumbnail\" alt=\"\u0160ibenik 5\" loading=\"lazy\" srcset=\"https:\/\/seasplash-festival.com\/wp-content\/uploads\/2019\/02\/tvrdava-sv-mihovil-05-240x240.jpg 240w, https:\/\/seasplash-festival.com\/wp-content\/uploads\/2019\/02\/tvrdava-sv-mihovil-05-500x500.jpg 500w\" sizes=\"(max-width: 240px) 100vw, 240px\" \/><\/a>\n\t\t\t<\/div><\/figure><figure class='gallery-item'>\n\t\t\t<div class='gallery-icon landscape'>\n\t\t\t\t<a data-fancybox=\"gallery\" rel=\"group-29\" href='https:\/\/seasplash-festival.com\/wp-content\/uploads\/2019\/02\/katedrala-tz-sibenik-04.jpg'><img width=\"240\" height=\"240\" src=\"https:\/\/seasplash-festival.com\/wp-content\/uploads\/2019\/02\/katedrala-tz-sibenik-04-240x240.jpg\" class=\"attachment-thumbnail size-thumbnail\" alt=\"\u0160ibenik 4\" loading=\"lazy\" srcset=\"https:\/\/seasplash-festival.com\/wp-content\/uploads\/2019\/02\/katedrala-tz-sibenik-04-240x240.jpg 240w, https:\/\/seasplash-festival.com\/wp-content\/uploads\/2019\/02\/katedrala-tz-sibenik-04-500x500.jpg 500w\" sizes=\"(max-width: 240px) 100vw, 240px\" \/><\/a>\n\t\t\t<\/div><\/figure><figure class='gallery-item'>\n\t\t\t<div class='gallery-icon landscape'>\n\t\t\t\t<a data-fancybox=\"gallery\" rel=\"group-29\" href='https:\/\/seasplash-festival.com\/wp-content\/uploads\/2019\/02\/sibenik-02.jpg'><img width=\"240\" height=\"240\" src=\"https:\/\/seasplash-festival.com\/wp-content\/uploads\/2019\/02\/sibenik-02-240x240.jpg\" class=\"attachment-thumbnail size-thumbnail\" alt=\"\u0160ibenik 2\" loading=\"lazy\" srcset=\"https:\/\/seasplash-festival.com\/wp-content\/uploads\/2019\/02\/sibenik-02-240x240.jpg 240w, https:\/\/seasplash-festival.com\/wp-content\/uploads\/2019\/02\/sibenik-02-500x500.jpg 500w\" sizes=\"(max-width: 240px) 100vw, 240px\" \/><\/a>\n\t\t\t<\/div><\/figure>\n\t\t<\/div>\n\n<p><strong>Vi\u0161e informacija prona\u0111ite na sljede\u0107im web stranicama:<\/strong><\/p>\n<p><a href=\"http:\/\/www.sibenik-tourism.hr\" target=\"_blank\" rel=\"noopener\">www.sibenik-tourism.hr<\/a><br \/>\n<a href=\"http:\/\/www.dalmatiasibenik.hr\" target=\"_blank\" rel=\"noopener\">www.dalmatiasibenik.hr<\/a><br \/>\n<a href=\"http:\/\/www.np-krka.hr\" target=\"_blank\" rel=\"noopener\">www.np-krka.hr<\/a><br \/>\n<a href=\"http:\/\/www.np-kornati.hr\" target=\"_blank\" rel=\"noopener\">www.np-kornati.hr<\/a><br \/>\n<a href=\"http:\/\/www.kanal-svetog-ante.com\" target=\"_blank\" rel=\"noopener\">www.kanal-svetog-ante.com<\/a><br \/>\n<a href=\"http:\/\/www.sibenik.travel\" target=\"_blank\" rel=\"noopener\">www.sibenik.travel<\/a><\/p>\n<p>Izvor teksta i fotografija: <a href=\"http:\/\/www.sibenik-tourism.hr\" target=\"_blank\" rel=\"noopener\">Turisti\u010dka zajednica grada \u0160ibenika<\/a>, <a href=\"http:\/\/www.dalmatiasibenik.hr\" target=\"_blank\" rel=\"noopener\">Turisti\u010dka zajednica \u0160ibensko-kninske \u017eupanije<\/a>.<\/p>\n<p><strong>Kako do festivala<\/strong><\/p>\n<p>Ako nemate vlastito sredstvo prijevoza, znajte da do \u0160ibenika postoje sve vrste javnog prijevoza (vlak, autobus, brod, avion), \u0161to vi\u0161e manje ovisi o smjeru od kuda dolazite.<\/p>\n<p><strong>AUTOMOBIL<\/strong><br \/>\nIz smjera <a href=\"https:\/\/goo.gl\/maps\/oi3RwKmCvD82\" target=\"_blank\" rel=\"noopener\">Zagreba<\/a>, <a href=\"https:\/\/goo.gl\/maps\/xtxEEwky8hn\" target=\"_blank\" rel=\"noopener\">Rijeke i Istre<\/a> jednostavno je do\u0107i do Martnske prate\u0107i autoput u smjeru \u0160ibenika i s njega si\u0107i na izlazu 20 &#8211; Pirovac i nastaviti vo\u017enju u smjeru Jadrije i Martinske. Isto tako, iz smjera <a href=\"https:\/\/goo.gl\/maps\/atzgfxGVNF52\" target=\"_blank\" rel=\"noopener\">Splita<\/a> autoputem se vozi do izlaza 22- \u0160ibenik i dalje prati cesta preko \u0160ibenskog mosta i do Martinske.<\/p>\n<p><strong>AUTOBUS<\/strong><br \/>\nDo \u0160ibenika voze redovite linije iz svih ve\u0107ih gradova u Hrvatskoj i regiji. Za vi\u0161e informacija posjetite stranicu <a href=\"http:\/\/getbybus.com\" target=\"_blank\" rel=\"noopener\">getbybus.com<\/a>.<\/p>\n<p><strong>VLAK<\/strong><br \/>\nVlakom se lako sti\u017ee od Zagreba do \u0160ibenika. Vi\u0161e detalja na stranici Hrvatskih \u017eeljeznica <a href=\"http:\/\/www.hzpp.hr\" target=\"_blank\" rel=\"noopener\">www.hzpp.hr<\/a>.<\/p>\n<p><strong>AVION<\/strong><br \/>\n\u010cak su dva aerodroma u blizini Jadrije i \u0160ibenika u koje se leti iz cijele Europe. Zra\u010dna luka Zadar udaljena je od \u0160ibenika oko 80 kilometara <a href=\"http:\/\/www.zadar-airport.hr\" target=\"_blank\" rel=\"noopener\">www.zadar-airport.hr<\/a>, a Zra\u010dna luka Split oko 60 kilometara <a href=\"http:\/\/www.split-airport.hr\" target=\"_blank\" rel=\"noopener\">www.split-airport.hr<\/a>.<\/p>\n<p><strong>BROD<\/strong><br \/>\nIz Pule vozi katamaran nekoliko puta tjedno ljeti za Zadar. Vi\u0161e informacija o plovidbenom redu mo\u017eete na\u0107i na <a href=\"http:\/\/www.catamaran-line.hr\/pula-unije-susak-mali-losinj-ilovik-silba-zadar-plovidbeni-red\/\" target=\"_blank\" rel=\"noopener\">ovom linku<\/a>.<\/p>\n<p>&nbsp;<\/p>\n<p>&nbsp;<\/p>\n<h2>Pretra\u017ei letove<\/h2>\n<p><\/p>","protected":false},"excerpt":{"rendered":"<p>Martinska, \u0160ibenik, Hrvatska Seasplash se u svom 18. izdanju, ovo ljeto, ve\u0107 drugu godinu za redom, odr\u017eava na rtu Martinska, to\u010dnije prostoru nekada\u0161njeg autokampa Martinska. Smje\u0161tena direktno preko puta grada \u0160ibenika, na jedinstvenom srimskom poluotoku i na samom ulazu u \u0161ibensku luku, Martinska je pro\u0161lo ljeto okrenula novu stranicu povijesti festivala, a i ovo ljeto \u0107emo u\u017eivati u gustoj borovoj \u0161umi tik uz more. O Martinskoj: Martinska je svoje ime, dobila negdje u 15. stolje\u0107a kada je uz najva\u017enije pristani\u0161te \u0161ibenskih te\u017eaka na sjeveroisto\u010dnoj obali srimskog poluotoka podignuta crkva posve\u0107ena svetom Martinu, nebeskom za\u0161titniku vinogradara i vinara \u0161to su \u0161ibenski&hellip;<\/p>\n","protected":false},"author":1,"featured_media":1917,"parent":31,"menu_order":0,"comment_status":"closed","ping_status":"closed","template":"page-location.php","meta":[],"_links":{"self":[{"href":"https:\/\/seasplash-festival.com\/hr\/wp-json\/wp\/v2\/pages\/29"}],"collection":[{"href":"https:\/\/seasplash-festival.com\/hr\/wp-json\/wp\/v2\/pages"}],"about":[{"href":"https:\/\/seasplash-festival.com\/hr\/wp-json\/wp\/v2\/types\/page"}],"author":[{"embeddable":true,"href":"https:\/\/seasplash-festival.com\/hr\/wp-json\/wp\/v2\/users\/1"}],"replies":[{"embeddable":true,"href":"https:\/\/seasplash-festival.com\/hr\/wp-json\/wp\/v2\/comments?post=29"}],"version-history":[{"count":22,"href":"https:\/\/seasplash-festival.com\/hr\/wp-json\/wp\/v2\/pages\/29\/revisions"}],"predecessor-version":[{"id":10626,"href":"https:\/\/seasplash-festival.com\/hr\/wp-json\/wp\/v2\/pages\/29\/revisions\/10626"}],"up":[{"embeddable":true,"href":"https:\/\/seasplash-festival.com\/hr\/wp-json\/wp\/v2\/pages\/31"}],"wp:featuredmedia":[{"embeddable":true,"href":"https:\/\/seasplash-festival.com\/hr\/wp-json\/wp\/v2\/media\/1917"}],"wp:attachment":[{"href":"https:\/\/seasplash-festival.com\/hr\/wp-json\/wp\/v2\/media?parent=29"}],"curies":[{"name":"wp","href":"https:\/\/api.w.org\/{rel}","templated":true}]}}