{"id":479,"date":"2007-03-17T13:31:50","date_gmt":"2007-03-17T13:31:50","guid":{"rendered":"http:\/\/seasplash-festival.com\/?page_id=479"},"modified":"2016-02-05T18:13:10","modified_gmt":"2016-02-05T18:13:10","slug":"line-up-2007","status":"publish","type":"page","link":"https:\/\/seasplash-festival.com\/hr\/program\/line-up-2007\/","title":{"rendered":"Line Up 2007"},"content":{"rendered":"<div class=\"row\"><div class=\"col-sm-6\">\n<h3><em>\u010det\/thu, 19.07.2007.<\/em><\/h3>\n<p>main\/band stage:<br \/>\n<strong> BRAIN DAMAGE (f)<\/strong><br \/>\n<strong>DUBIOZA KOLEKTIV<\/strong> <strong> (BiH)<\/strong><br \/>\n<strong> EARTHGROUND COMBINATION (ita)<br \/>\n+ Reggae Contest winner 2007<br \/>\nFRANZISKA (ita)<\/strong><\/p>\n<p>soundsystem stage:<br \/>\n<strong>JAHSTICE SOUND<\/strong> <strong>(hr)<\/strong><br \/>\n<strong>dj HEVANICEDUB<\/strong> <strong>(hr)<\/strong><br \/>\n<strong>grof LABOSH (hr)<\/strong><\/p>\n<p><\/p><\/div><div class=\"col-sm-6\">\n<h3><em>pet\/fri, 20.07.2007.<\/em><\/h3>\n<p>main\/band stage:<br \/>\n<strong>ZION TRAIN<\/strong> <strong>(uk)<\/strong> <a href=\"http:\/\/profile.myspace.com\/index.cfm?fuseaction=user.viewprofile&amp;friendid=90281729\" target=\"_blank\"><br \/>\n<\/a> <strong>RADIKAL DUB KOLEKTIV<\/strong><strong> (hr)<\/strong><br \/>\n<strong>ZOSTER<\/strong> <strong>(BiH)<\/strong><br \/>\n<strong>NAN-deSKA?!<\/strong> <strong> (hr)<\/strong><\/p>\n<p>soundsystem stage:<br \/>\n<strong> TWITY, BIGOSH, HIGH PRIEST (DUB CLUB L.E.) <\/strong> <strong>(d)<br \/>\n<\/strong><strong>REA <\/strong><strong>(hr)<br \/>\n<\/strong><strong> JAN BECELE (hr)<\/strong><br \/>\n<strong> BANANA SOUND (hr)<\/strong><\/p>\n<p><\/p><\/div><\/div>\n<div class=\"row\"><div class=\"col-sm-6\">\n<h3><em>sub\/sat, 21.07.2007.<\/em><\/h3>\n<p>main\/band stage:<br \/>\n<strong>RAGGA TWINS<\/strong> <strong>(uk)<\/strong><strong> &amp; <\/strong> <strong>TRICKY D<\/strong> <strong>(d)<\/strong><strong><br \/>\n<\/strong> <strong>KINGSTONED SOUND feat. POPAY<\/strong> <strong>(hr)<\/strong><br \/>\n<strong>PAPRIKA KORPS<\/strong> <strong>(pl)<\/strong><br \/>\n<strong>DRUM\u2019N\u2019ZEZ<\/strong> <strong>(srb)<\/strong><br \/>\n<strong>DUB GENERAL<\/strong> <strong> (hr)<\/strong><\/p>\n<p>soundsystem stage:<strong><br \/>\nJUICE, GEKKO (BASS INVADERS team)(hr)<br \/>\n<\/strong> <strong>JIN-SAN(hr) &amp; TRICKY D (d)<br \/>\nWARRIOR CHARGE(ita)<br \/>\nMC KILLO KILLO (srb)<br \/>\nSHANGO SOUND <\/strong> <strong>(hr)<\/strong><\/p>\n<p><\/p><\/div><div class=\"col-sm-6\">\n<h3><em>ned\/sun, 22.07.2007.<\/em><\/h3>\n<p>final ska concert @ soundsystem stage:<br \/>\n<strong>JOKE<\/strong> (f)<br \/>\n<strong>RED FIVE POINT STAR<\/strong> (slo)<br \/>\n<strong>DJMAWI AFRICA<\/strong> <strong>(alz)<br \/>\n<\/strong><strong>FMR BRASS BAND<br \/>\n<\/strong> old school reggae party by<strong> dj PRINCE \u0160ANGO(Kingstoned)<\/strong><\/p>\n<p><\/p><\/div><\/div>\n<p>voditelji festivala\/masters of the ceremony<strong><br \/>\n<\/strong><strong>Leech-Hre-Perry &amp; Popay <\/strong><strong>(Reggae Connection team)<br \/>\nVisuals by Queps Visual Art Group (d)\/ DISgirlz &amp; ONEboy(hr)<\/strong><\/p>\n<p><strong>Kingston shop &amp; sound<\/strong><strong>(incl. guests &amp; sessions)<\/strong><\/p>\n<p>&nbsp;<\/p>\n<p><strong>Ministarstvo psihodelije (psy trance stage)<\/strong><\/p>\n<p><strong>Alen(Marsroom, Pula)<\/strong><br \/>\n<strong> Ben (Tribal Media, Nezavisna Tepsija)<\/strong><br \/>\n<strong> Dovla (Sofa Beats, Zagreb)<\/strong><br \/>\n<strong> Nesho (Marsroom, Pula)<\/strong><br \/>\n<strong> Njax (Underwater Overground, Zagreb)<\/strong><br \/>\n<strong> Pipal (Ministarstvo Psihodelije, Zagreb)<\/strong><br \/>\n<strong> Sale (Marsroom, Pula)<\/strong><br \/>\n<strong> Sykosonik (Ministarstvo Psihodelije, Zagreb)<\/strong><br \/>\n<strong> Twisted Twins (SoundForms, Zagreb)<\/strong><br \/>\n<strong> Val Vashar (Ministarstvo Psihodelije, Zagreb)<\/strong><br \/>\n<strong> DECO: Marsroom<\/strong><br \/>\n<strong> SUPPORT: Attack, Marsroom<br \/>\n<\/strong><\/p>\n<p>&nbsp;<\/p>\n<p>tijekom dana \/ during the day:<strong><br \/>\nRasta Busket Cup!!!<\/strong><\/p>\n<p>ograni\u010deni kapaciteti za kampiranje, blizina pla\u017ee, pi\u0107e i hrana, \u0161tandovi,\u2026 <strong><br \/>\nlimited camping place, beach accessories, food &amp; drinks, stands,\u2026<\/strong><\/p>\n","protected":false},"excerpt":{"rendered":"<p>voditelji festivala\/masters of the ceremony Leech-Hre-Perry &amp; Popay (Reggae Connection team) Visuals by Queps Visual Art Group (d)\/ DISgirlz &amp; ONEboy(hr) Kingston shop &amp; sound(incl. guests &amp; sessions) &nbsp; Ministarstvo psihodelije (psy trance stage) Alen(Marsroom, Pula) Ben (Tribal Media, Nezavisna Tepsija) Dovla (Sofa Beats, Zagreb) Nesho (Marsroom, Pula) Njax (Underwater Overground, Zagreb) Pipal (Ministarstvo Psihodelije, Zagreb) Sale (Marsroom, Pula) Sykosonik (Ministarstvo Psihodelije, Zagreb) Twisted Twins (SoundForms, Zagreb) Val Vashar (Ministarstvo Psihodelije, Zagreb) DECO: Marsroom SUPPORT: Attack, Marsroom &nbsp; tijekom dana \/ during the day: Rasta Busket Cup!!! ograni\u010deni kapaciteti za kampiranje, blizina pla\u017ee, pi\u0107e i hrana, \u0161tandovi,\u2026 limited camping place,&hellip;<\/p>\n","protected":false},"author":1,"featured_media":480,"parent":309,"menu_order":0,"comment_status":"closed","ping_status":"closed","template":"page-lineup.php","meta":[],"_links":{"self":[{"href":"https:\/\/seasplash-festival.com\/hr\/wp-json\/wp\/v2\/pages\/479"}],"collection":[{"href":"https:\/\/seasplash-festival.com\/hr\/wp-json\/wp\/v2\/pages"}],"about":[{"href":"https:\/\/seasplash-festival.com\/hr\/wp-json\/wp\/v2\/types\/page"}],"author":[{"embeddable":true,"href":"https:\/\/seasplash-festival.com\/hr\/wp-json\/wp\/v2\/users\/1"}],"replies":[{"embeddable":true,"href":"https:\/\/seasplash-festival.com\/hr\/wp-json\/wp\/v2\/comments?post=479"}],"version-history":[{"count":0,"href":"https:\/\/seasplash-festival.com\/hr\/wp-json\/wp\/v2\/pages\/479\/revisions"}],"up":[{"embeddable":true,"href":"https:\/\/seasplash-festival.com\/hr\/wp-json\/wp\/v2\/pages\/309"}],"wp:featuredmedia":[{"embeddable":true,"href":"https:\/\/seasplash-festival.com\/hr\/wp-json\/wp\/v2\/media\/480"}],"wp:attachment":[{"href":"https:\/\/seasplash-festival.com\/hr\/wp-json\/wp\/v2\/media?parent=479"}],"curies":[{"name":"wp","href":"https:\/\/api.w.org\/{rel}","templated":true}]}}