{"id":537,"date":"2008-03-17T15:48:38","date_gmt":"2008-03-17T15:48:38","guid":{"rendered":"http:\/\/seasplash-festival.com\/?page_id=537"},"modified":"2016-02-05T18:12:43","modified_gmt":"2016-02-05T18:12:43","slug":"line-up-2008","status":"publish","type":"page","link":"https:\/\/seasplash-festival.com\/hr\/program\/line-up-2008\/","title":{"rendered":"Line Up 2008"},"content":{"rendered":"<p><div class=\"row\"><div class=\"col-sm-6\">\n<h3><em>\u010detvrtak\/thursday 17.07.<\/em><\/h3>\n<p>main \/ band stage:<br \/>\n<strong>NEW YORK SKA JAZZ ENSEMBLE<\/strong> (usa)<br \/>\n<strong>FIZCUS ?<\/strong><strong>!<\/strong> (f)<br \/>\n<strong>DUBZILLA<\/strong> (Slo)<\/p>\n<p>soundsystem stage:<a href=\"http:\/\/www.seasplash.net\/4\/homepg\/page_archive.php?story=266\"><strong><br \/>\n<\/strong><\/a><strong>Jahtari<\/strong> (d)<br \/>\n<small><big><strong> Batis<\/strong>(hr)<br \/>\n<strong>Maya<\/strong>(hr)<br \/>\n<strong> Anibaba <\/strong> (hr)<\/big><\/small><\/p>\n<p>ministarstvo psihodelije stage:<br \/>\n<strong>Rajko<\/strong> (MarsRoom)<br \/>\n<strong>Pila<\/strong> (Ministarstvo Psihodelije)<br \/>\n<strong>PeaceDefender<\/strong> (Ministarstvo Psihodelije)<br \/>\n<strong>Twisted Twins<\/strong> (SoundForms)<\/p>\n<p><\/p><\/div><div class=\"col-sm-6\">\n<h3><em>petak\/friday 18.07.<\/em><\/h3>\n<p>main \/ band stage:<br \/>\n<strong>PRINCE ALLA + NAJAVIBES BAND<\/strong> (jam\/ch)<br \/>\n<strong>PITCH BLACK<\/strong> (nz)<br \/>\n<strong>RED FIVE POINT STAR<\/strong> (slo)<br \/>\n<strong>SOPOT<\/strong> (bih)<\/p>\n<p class=\"blok_info\">soundsystem stage:<br \/>\n<strong>Kingston shop &amp; sound<\/strong> slavi petogodi\u0161njicu\/celebrates 5th birthday!<br \/>\n<strong>dj Souljah &amp; Demolition Man<\/strong> (uk)<a href=\"http:\/\/www.seasplash.net\/4\/homepg\/page_archive.php?story=268\"><strong><br \/>\n<\/strong><\/a><strong>dj Pro<\/strong> (hr),<strong>Junglist<\/strong>(hr)<br \/>\n<strong>PCP crew<\/strong> (hr)<br \/>\n<strong>Ras Sale I<\/strong> (hr)<br \/>\n<strong>Jah Billah<\/strong> (hr)<\/p>\n<p class=\"blok_info\">ministarstvo psihodelije stage:<a href=\"http:\/\/www.seasplash.net\/4\/homepg\/page_archive.php?story=278\"><br \/>\n<\/a><strong>Kirg &amp; Zmayo<\/strong> (Pistolero)<br \/>\n<strong>Teddy-Lee<\/strong> (MarsRoom)<br \/>\n<strong>Sekkt<\/strong> (Sta?Tko?Ste?)<br \/>\n<strong>Sale<\/strong> (MarsRoom)<\/p>\n<p><\/p><\/div><\/div><\/p>\n<div class=\"row\"><div class=\"col-sm-6\">\n<h3><em>subota\/saturday 19.07.<\/em><\/h3>\n<p>main \/ band stage:<br \/>\n<strong> VIBRONICS<\/strong> (uk)<br \/>\n<strong>RCola<\/strong> (Can)<br \/>\n<strong>EDO MAAJKA<\/strong> (hr)<br \/>\n<strong>ST!llness<\/strong> (hr)<\/p>\n<p class=\"blok_info\">soundsystem stage:<a href=\"http:\/\/www.seasplash.net\/4\/homepg\/page_archive.php?story=267\"><strong><br \/>\n<\/strong><\/a><strong>Esperanza Soundsystem<\/strong> (d)<br \/>\n<strong>Bass Culture Soundsystem<\/strong> (hr)<br \/>\n<strong>Dubway<\/strong> (hr)<br \/>\n<strong>2BitPunk<\/strong> (st. petersburg)<br \/>\n<strong>Profesa Baldhead Dread<\/strong> (hr)<\/p>\n<p>ministarstvo psihodelije stage:<a href=\"http:\/\/www.seasplash.net\/4\/homepg\/page_archive.php?story=279\"><br \/>\n<\/a><strong>dj Venom<\/strong><a href=\"http:\/\/www.seasplash.net\/4\/homepg\/page_archive.php?story=279\"><br \/>\n<\/a><strong>dj Yesh<\/strong><a href=\"http:\/\/www.seasplash.net\/4\/homepg\/page_archive.php?story=279\"><br \/>\n<\/a><strong>Kodin da produca<\/strong> (JabbaCrew)<br \/>\n<strong>Dovla<\/strong> (Sofa Beats)<br \/>\n<strong>Nesho<\/strong> (MarsRoom)<br \/>\n<strong>Alen<\/strong> (MarsRoom)<\/p>\n<p><\/p><\/div><div class=\"col-sm-6\">\n<h3><em>nedjelja\/sunday 20.07.<\/em><\/h3>\n<p class=\"blok_info\">soundsystem stage:<strong><a href=\"http:\/\/www.seasplash.net\/4\/homepg\/page_archive.php?story=269\"><br \/>\n<\/a>Digitron Sound <\/strong> (hr)<br \/>\n<strong>MANIG<\/strong> (hr)<br \/>\n<strong>TOBOGAN<\/strong> (hr)<br \/>\n<strong>selekta Jin-San <\/strong>(hr)<\/p>\n<p class=\"blok_info\">ministarstvo psihodelije stage:<strong><br \/>\nVal Vashar<\/strong> (Ministarstvo Psihodelije)<br \/>\n<strong>Oooh ne<\/strong> (\u0160ta.Tko.Ste?)<br \/>\n<strong>RichMa<\/strong> (Sta?Tko?Ste?)<br \/>\n<strong>Si<\/strong> (Mali Princ)<\/p>\n<p><\/p><\/div><\/div>\n<p>&nbsp;<\/p>\n<p>Svaku ve\u010der \/ Every night<\/p>\n<p class=\"blok_info\"><strong> KINGSTON SHOP &amp; SOUND<\/strong> (guests &amp; sessions &#8211; in dj &amp; soundsystem style!)<\/p>\n<p class=\"blok_info\">Main Stage visuals \/ VJ-ing by <strong>Zvuk Broda feat. Trip to Zion video<\/strong><br \/>\nSoundsystem stage visuals \/ VJ-ing by <strong> Queps Visual Art Group <\/strong> (d)<br \/>\nvoditelji festivala\/masters of the ceremony <strong>Popay &amp; Leech-Hre-Perry<\/strong> (Reggae Connection team)<\/p>\n<p>under files:<br \/>\n<strong>reggae roots dub ska rocksteady dancehall jungle d&#8217;n&#8217;b hip-hop breaks dubstep trance<\/strong><\/p>\n<p>tijekom dana \/ during the day:<br \/>\n<strong>Rasta Basket Cup<\/strong><\/p>\n<p>Seasplash brod vozi neprestano od pulske rive do festivalske lokacije!<br \/>\nSeasplash boat continually drives from Pula to the festival location!<\/p>\n<p>ograni\u010deni kapaciteti za kampiranje, blizina pla\u017ee, pi\u0107e i hrana, \u0161tandovi,&#8230;<br \/>\nlimited camping place, beach accessories, food and drinks, stands,&#8230;<\/p>","protected":false},"excerpt":{"rendered":"<p>&nbsp; Svaku ve\u010der \/ Every night KINGSTON SHOP &amp; SOUND (guests &amp; sessions &#8211; in dj &amp; soundsystem style!) Main Stage visuals \/ VJ-ing by Zvuk Broda feat. Trip to Zion video Soundsystem stage visuals \/ VJ-ing by Queps Visual Art Group (d) voditelji festivala\/masters of the ceremony Popay &amp; Leech-Hre-Perry (Reggae Connection team) under files: reggae roots dub ska rocksteady dancehall jungle d&#8217;n&#8217;b hip-hop breaks dubstep trance tijekom dana \/ during the day: Rasta Basket Cup Seasplash brod vozi neprestano od pulske rive do festivalske lokacije! Seasplash boat continually drives from Pula to the festival location! ograni\u010deni kapaciteti za&hellip;<\/p>\n","protected":false},"author":1,"featured_media":538,"parent":309,"menu_order":0,"comment_status":"closed","ping_status":"closed","template":"page-lineup.php","meta":[],"_links":{"self":[{"href":"https:\/\/seasplash-festival.com\/hr\/wp-json\/wp\/v2\/pages\/537"}],"collection":[{"href":"https:\/\/seasplash-festival.com\/hr\/wp-json\/wp\/v2\/pages"}],"about":[{"href":"https:\/\/seasplash-festival.com\/hr\/wp-json\/wp\/v2\/types\/page"}],"author":[{"embeddable":true,"href":"https:\/\/seasplash-festival.com\/hr\/wp-json\/wp\/v2\/users\/1"}],"replies":[{"embeddable":true,"href":"https:\/\/seasplash-festival.com\/hr\/wp-json\/wp\/v2\/comments?post=537"}],"version-history":[{"count":0,"href":"https:\/\/seasplash-festival.com\/hr\/wp-json\/wp\/v2\/pages\/537\/revisions"}],"up":[{"embeddable":true,"href":"https:\/\/seasplash-festival.com\/hr\/wp-json\/wp\/v2\/pages\/309"}],"wp:featuredmedia":[{"embeddable":true,"href":"https:\/\/seasplash-festival.com\/hr\/wp-json\/wp\/v2\/media\/538"}],"wp:attachment":[{"href":"https:\/\/seasplash-festival.com\/hr\/wp-json\/wp\/v2\/media?parent=537"}],"curies":[{"name":"wp","href":"https:\/\/api.w.org\/{rel}","templated":true}]}}