{"id":591,"date":"2009-04-18T09:53:40","date_gmt":"2009-04-18T09:53:40","guid":{"rendered":"http:\/\/seasplash-festival.com\/?page_id=591"},"modified":"2016-02-05T18:12:27","modified_gmt":"2016-02-05T18:12:27","slug":"line-up-2009","status":"publish","type":"page","link":"https:\/\/seasplash-festival.com\/hr\/program\/line-up-2009\/","title":{"rendered":"Line Up 2009"},"content":{"rendered":"<div class=\"row\"><div class=\"col-sm-6\">\n<h3>\u010cet\/Thu, 16.07.2009.<\/h3>\n<p><em>Mainsplash stage:<\/em><br \/>\n<strong>DUB PISTOLS SOUNDSYSTEM feat. RODNEY P.<\/strong> (uk)<br \/>\n<strong>ANTENAT<\/strong> (hr)<br \/>\n<strong>BAMWISE<\/strong> (hr)<br \/>\n<strong>CIRKUS<\/strong> (hr)<\/p>\n<p><em>Soundsplash stage \/ hosted by Zion noiZ:<\/em><br \/>\n<strong>FILIP MOTOVUNSKI<\/strong> (hr)<br \/>\n<strong>DJ ROTTEN<\/strong> (hr)<br \/>\n<strong>JAHKOZZA<\/strong> (hr) &amp; <strong>CHAKKA MC<\/strong> (srb)<br \/>\n<strong>LUNA MORADO<\/strong> (hr)<\/p>\n<p><em>Electrosplash stage \/ in dubstep &amp; bass<\/em><br \/>\n<strong>BASTA<\/strong> (Confusion, hr)<br \/>\n<strong>TEDDY-LEE<\/strong> (Dubbasstardz, hr)<br \/>\n<strong>JAH RULE<\/strong> (Dubbasstardz, hr)<br \/>\n<strong>MC FYAH STEPPA<\/strong> (2steppaz, hr)<\/p>\n<p><\/p><\/div><div class=\"col-sm-6\">\n<h3>Pet\/Fri, 18.07.2009.<\/h3>\n<p><em>Mainsplash stage:<\/em><br \/>\n<strong>POWER STEPPERS feat. Molara<\/strong> (uk)<br \/>\n<strong>KAWASAKI 3P<\/strong> (hr)<br \/>\n<strong>WICKED DUB DIVISION feat. Dan I<\/strong> (i)<br \/>\n<strong>DELYRICUM<\/strong> (hr)<\/p>\n<p><em>Soundsplash stage \/ hosted by Kingston Sound:<\/em><br \/>\n<strong>HORNSMAN COYOTE<\/strong> (srb)<br \/>\n<strong>DJ RAHMANEE<\/strong> (srb)<br \/>\n<strong>GYPSY JUNGLE \/ Haris Pilton &amp; My Hell Jackson<\/strong> (slo)<br \/>\n<strong>DJ KOVACH<\/strong> (hr)<br \/>\n<strong>ELIJAH MOUNTAIN FYAH<\/strong> (hr)<\/p>\n<p><em>Electrosplash stage<\/em><br \/>\n<strong>TOOVAR<\/strong> (Armazonex, hr)<br \/>\n<strong>ODIUM<\/strong> (Bass Invaders, hr)<br \/>\n<strong>DJ NJAX aka DRug<\/strong> (HARM prod., hr)<br \/>\n<strong>Dr. RUS<\/strong> (Dubbasstardz, hr)<\/p>\n<p><\/p><\/div><\/div>\n<h3>Sub\/Sat, 18.07.2009.<\/h3>\n<p><em>Mainsplash stage:<\/em><br \/>\n<strong>MACKA B &amp; THE ROOTS RAGGA BAND<\/strong> (uk)<br \/>\n<strong>BONGO CHILLI<\/strong> (uk) &amp;<strong> TRICKY D<\/strong> (d)<br \/>\n<strong>AJS NIGRUTIN<\/strong> &amp;<strong> TIMBE<\/strong> (srb)<br \/>\n<strong>DEFENCE<\/strong> (BiH)<\/p>\n<p><em>Soundsplash stage \/ hosted by Trip To Zion:<\/em><br \/>\n<strong>DJ DIAZ<\/strong> (a)<br \/>\n<strong>LOOPJUNKIES CREW \/ Implant &amp; Golem<\/strong> (hr)<br \/>\n<strong>JAN BECELE &amp; TRIP TO ZION DJ&#8217;S<\/strong> (hr)<br \/>\n<strong>LAR-PLUR-LAR<\/strong> (hr)<\/p>\n<p><em>Electrosplash stage \/ in electro techno house<\/em><br \/>\n<strong>PYTZEK<\/strong> (Sirup\/Porat, hr)<br \/>\n<strong>MIXEL<\/strong> (Sirup\/Push It, hr)<br \/>\n<strong>LABOSH<\/strong> (Egoboobits, hr)<\/p>\n<h3>\u010cet-Ned\/Thu-Sun, 16.-19.07.2009.<\/h3>\n<p><em>DUBSPLASH STAGE<\/em><br \/>\n&#8211; hosted by <strong>DIGITRON SOUNDSYSTEM<\/strong> (hr)<br \/>\n&#8211; novi festivalski stage \/ new festival stage, strictly roots &amp; dub in original handmade soundsystem scoops style<br \/>\n&#8211; sa sljede\u0107im gostima po danima \/ with the following guests by dates:<\/p>\n<p>\u010det\/Thu, 16.07.2009. &#8211; <strong>RADIKAL DUB SOUND<\/strong> (hr)<br \/>\npet\/Fri, 17.07.2009. &#8211; <strong>O.B.F<\/strong> (f)<br \/>\nsub\/Sat, 18.07.2009. &#8211; <strong>DANDELION SOUNDSYSTEM<\/strong> (d)<br \/>\n<strong>KINGSTON SHOP &amp; SOUND- hosted by KINGSTON SOUNDSYSTEM<\/strong> (hr) via dancehall reggae roots rub a dub soca grime jungle<\/p>\n<p>&#8211; Nenajavljeni gosti i sessioni svake ve\u010deri festivala! Morate prisustvovati u\u017eivo da bi do\u017eivjeli, \u010duli i vidjeli!<br \/>\n&#8211; Guests &amp; sessions &#8211; inna dj\/mc &amp; soundsystem style &#8211; during every night of the festival! You have to be there to see and hear this!<\/p>\n<h3>Ned\/Sun, 19.07.2009.<\/h3>\n<p>&#8211; last chance 2 dance @ Soundsplash stage, Dubsplash stage &amp; Kingston Shop &amp; Sound:<strong>Leroy\/BASSLINE EXPRESS<\/strong> (swe), <strong>DIGITRON SOUNDSYSTEM<\/strong>, <strong>KINGSTON SOUND<\/strong> + some other exclusive guests!<\/p>\n<p>Mainsplash stage visuals\/VJ-ing by <strong>Trip to Zion<\/strong> video<br \/>\nvoditelj programa \/ master of the ceremony<strong> POPAY MC<\/strong> (Kingston Sound, Reggae Connection)<br \/>\nElectrosplash stage visuals\/VJ-ing by<strong> VJ FALD\/Fuck.Art.Lets.Dance<\/strong> (TTopolovec &amp; Bakka)<br \/>\nElectrosplash stage hosted by <strong>Dubbasstardz<\/strong><\/p>\n<h4>tokom dana \/ during the day:-<\/h4>\n<p>Cirkus za svakoga by \u010carobnjakov \u0161e\u0161ir (\u017eongliranje, \u0161tuliranje i glupiranje) \/ Circus For Everyone by Wizzard&#8217;s Hat (juggling, walking on sticks and fooling around),<br \/>\n<strong>Rasta Basket Cup<\/strong><\/p>\n<p>&#8211; Seasplash brod plovi neprestano od pulske rive do festivalske lokacije!<br \/>\n&#8211; Seasplash boat continually floats from Pula to the festival location!<\/p>\n<p>under files:<br \/>\nreggae roots dub ska rocksteady dancehall jungle d&#8217;n&#8217;b hip-hop breaks dubstep trance electro<\/p>\n<p>vi\u0161e od 60 izvo\u0111a\u010da na 5 stage-va u 4 dana!<br \/>\nmore than 60 different acts on 5 stages in 4 days!<br \/>\nconcerts \/ soundsystem shows \/ live acts \/ DJ sets \/ Kingston shop &amp; sound \/ video \/ dance selections \/ rasta basket cup \/ workshops \/ camping \/ bars &amp; food \/ bazar \/ decorations \/ Seasplash boat \/ beach accessories \/ summer party with friends + much more&#8230;<\/p>\n","protected":false},"excerpt":{"rendered":"<p>Sub\/Sat, 18.07.2009. Mainsplash stage: MACKA B &amp; THE ROOTS RAGGA BAND (uk) BONGO CHILLI (uk) &amp; TRICKY D (d) AJS NIGRUTIN &amp; TIMBE (srb) DEFENCE (BiH) Soundsplash stage \/ hosted by Trip To Zion: DJ DIAZ (a) LOOPJUNKIES CREW \/ Implant &amp; Golem (hr) JAN BECELE &amp; TRIP TO ZION DJ&#8217;S (hr) LAR-PLUR-LAR (hr) Electrosplash stage \/ in electro techno house PYTZEK (Sirup\/Porat, hr) MIXEL (Sirup\/Push It, hr) LABOSH (Egoboobits, hr) \u010cet-Ned\/Thu-Sun, 16.-19.07.2009. DUBSPLASH STAGE &#8211; hosted by DIGITRON SOUNDSYSTEM (hr) &#8211; novi festivalski stage \/ new festival stage, strictly roots &amp; dub in original handmade soundsystem scoops style &#8211;&hellip;<\/p>\n","protected":false},"author":1,"featured_media":592,"parent":309,"menu_order":0,"comment_status":"closed","ping_status":"closed","template":"page-lineup.php","meta":[],"_links":{"self":[{"href":"https:\/\/seasplash-festival.com\/hr\/wp-json\/wp\/v2\/pages\/591"}],"collection":[{"href":"https:\/\/seasplash-festival.com\/hr\/wp-json\/wp\/v2\/pages"}],"about":[{"href":"https:\/\/seasplash-festival.com\/hr\/wp-json\/wp\/v2\/types\/page"}],"author":[{"embeddable":true,"href":"https:\/\/seasplash-festival.com\/hr\/wp-json\/wp\/v2\/users\/1"}],"replies":[{"embeddable":true,"href":"https:\/\/seasplash-festival.com\/hr\/wp-json\/wp\/v2\/comments?post=591"}],"version-history":[{"count":0,"href":"https:\/\/seasplash-festival.com\/hr\/wp-json\/wp\/v2\/pages\/591\/revisions"}],"up":[{"embeddable":true,"href":"https:\/\/seasplash-festival.com\/hr\/wp-json\/wp\/v2\/pages\/309"}],"wp:featuredmedia":[{"embeddable":true,"href":"https:\/\/seasplash-festival.com\/hr\/wp-json\/wp\/v2\/media\/592"}],"wp:attachment":[{"href":"https:\/\/seasplash-festival.com\/hr\/wp-json\/wp\/v2\/media?parent=591"}],"curies":[{"name":"wp","href":"https:\/\/api.w.org\/{rel}","templated":true}]}}